{"id":676,"date":"2024-03-01T18:51:07","date_gmt":"2024-03-01T23:51:07","guid":{"rendered":"https:\/\/www.oraculochino.org\/iching\/?page_id=676"},"modified":"2024-03-02T13:47:30","modified_gmt":"2024-03-02T18:47:30","slug":"tarot","status":"publish","type":"page","link":"https:\/\/www.oraculochino.org\/iching\/tarot\/","title":{"rendered":"Tarot"},"content":{"rendered":"\n<p>Muchos consultantes del I Ching hacen tambi\u00e9n buenas lecturas del Tarot.   Pensando en ellos, hemos dispuesto aqu\u00ed un m\u00e9todo muy sencillo para consultar del Tarot.  <\/p>\n\n\n\n<p>Simplemente respira profundo, con\u00e9ctate a la dimensi\u00f3n m\u00e1s elevada de tu Ser, y entonces haz tu consulta mentalmente mientras presionas el bot\u00f3n \u00abAbrir Arcano\u00bb para que se te muestre uno de los 22 arcanos mayores del Tarot de Marsella.<\/p>\n\n\n\n<p>Si quieres profundizar o ampliar tu consulta, puedes seguir abriendo m\u00e1s arcanos de manera sucesiva, hasta que sientas que ya tienes la respuesta clara.  En cualquier momento puedes reiniciar la tirada desde el comienzo presionando el bot\u00f3n \u00abReiniciar Tirada\u00bb.<\/p>\n\n\n\n<p>Adelante pues, y que la sabidur\u00eda del Tarot te ayude a obtener las claridades que buscas.<\/p>\n\n\n\n<hr class=\"wp-block-separator has-alpha-channel-opacity is-style-dots\"\/>\n\n\n\n","protected":false},"excerpt":{"rendered":"<p>Muchos consultantes del I Ching hacen tambi\u00e9n buenas lecturas del Tarot. Pensando en ellos, hemos dispuesto aqu\u00ed un m\u00e9todo muy sencillo para consultar del Tarot. Simplemente respira profundo, con\u00e9ctate a la dimensi\u00f3n m\u00e1s elevada de tu Ser, y entonces haz tu consulta mentalmente mientras presionas el bot\u00f3n \u00abAbrir Arcano\u00bb para que se te muestre uno &#8230; <a title=\"Tarot\" class=\"read-more\" href=\"https:\/\/www.oraculochino.org\/iching\/tarot\/\">Read more<\/a><\/p>\n","protected":false},"author":1,"featured_media":0,"parent":0,"menu_order":4,"comment_status":"closed","ping_status":"closed","template":"","meta":{"_glsr_average":0,"_glsr_ranking":0,"_glsr_reviews":0,"footnotes":""},"class_list":["post-676","page","type-page","status-publish"],"yoast_head":"<!-- This site is optimized with the Yoast SEO plugin v25.6 - https:\/\/yoast.com\/wordpress\/plugins\/seo\/ -->\n<title>I Ching - Consultar el Tarot<\/title>\n<meta name=\"description\" content=\"Adem\u00e1s del I Ching, en oraculochino.org tienes la posibilidad de consultar el TAROT de manera muy f\u00e1cil e intuitiva. Es gratis, cons\u00faltalo ahora!\" \/>\n<meta name=\"robots\" content=\"index, follow, max-snippet:-1, max-image-preview:large, max-video-preview:-1\" \/>\n<link rel=\"canonical\" href=\"https:\/\/www.oraculochino.org\/iching\/tarot\/\" \/>\n<meta property=\"og:locale\" content=\"es_ES\" \/>\n<meta property=\"og:type\" content=\"article\" \/>\n<meta property=\"og:title\" content=\"I Ching - Consultar el Tarot\" \/>\n<meta property=\"og:description\" content=\"Adem\u00e1s del I Ching, en oraculochino.org tienes la posibilidad de consultar el TAROT de manera muy f\u00e1cil e intuitiva. Es gratis, cons\u00faltalo ahora!\" \/>\n<meta property=\"og:url\" content=\"https:\/\/www.oraculochino.org\/iching\/tarot\/\" \/>\n<meta property=\"og:site_name\" content=\"I Ching\" \/>\n<meta property=\"article:publisher\" content=\"https:\/\/www.facebook.com\/iching.oraculochino\/\" \/>\n<meta property=\"article:modified_time\" content=\"2024-03-02T18:47:30+00:00\" \/>\n<meta name=\"twitter:card\" content=\"summary_large_image\" \/>\n<meta name=\"twitter:site\" content=\"@oraculochino\" \/>\n<meta name=\"twitter:label1\" content=\"Tiempo de lectura\" \/>\n\t<meta name=\"twitter:data1\" content=\"1 minuto\" \/>\n<script type=\"application\/ld+json\" class=\"yoast-schema-graph\">{\"@context\":\"https:\/\/schema.org\",\"@graph\":[{\"@type\":\"WebPage\",\"@id\":\"https:\/\/www.oraculochino.org\/iching\/tarot\/\",\"url\":\"https:\/\/www.oraculochino.org\/iching\/tarot\/\",\"name\":\"I Ching - Consultar el Tarot\",\"isPartOf\":{\"@id\":\"https:\/\/www.oraculochino.org\/iching\/#website\"},\"datePublished\":\"2024-03-01T23:51:07+00:00\",\"dateModified\":\"2024-03-02T18:47:30+00:00\",\"description\":\"Adem\u00e1s del I Ching, en oraculochino.org tienes la posibilidad de consultar el TAROT de manera muy f\u00e1cil e intuitiva. Es gratis, cons\u00faltalo ahora!\",\"breadcrumb\":{\"@id\":\"https:\/\/www.oraculochino.org\/iching\/tarot\/#breadcrumb\"},\"inLanguage\":\"es\",\"potentialAction\":[{\"@type\":\"ReadAction\",\"target\":[\"https:\/\/www.oraculochino.org\/iching\/tarot\/\"]}]},{\"@type\":\"BreadcrumbList\",\"@id\":\"https:\/\/www.oraculochino.org\/iching\/tarot\/#breadcrumb\",\"itemListElement\":[{\"@type\":\"ListItem\",\"position\":1,\"name\":\"Portada\",\"item\":\"https:\/\/www.oraculochino.org\/iching\/\"},{\"@type\":\"ListItem\",\"position\":2,\"name\":\"Tarot\"}]},{\"@type\":\"WebSite\",\"@id\":\"https:\/\/www.oraculochino.org\/iching\/#website\",\"url\":\"https:\/\/www.oraculochino.org\/iching\/\",\"name\":\"I Ching\",\"description\":\"El Or\u00e1culo Chino de los Cambios\",\"publisher\":{\"@id\":\"https:\/\/www.oraculochino.org\/iching\/#organization\"},\"potentialAction\":[{\"@type\":\"SearchAction\",\"target\":{\"@type\":\"EntryPoint\",\"urlTemplate\":\"https:\/\/www.oraculochino.org\/iching\/?s={search_term_string}\"},\"query-input\":{\"@type\":\"PropertyValueSpecification\",\"valueRequired\":true,\"valueName\":\"search_term_string\"}}],\"inLanguage\":\"es\"},{\"@type\":\"Organization\",\"@id\":\"https:\/\/www.oraculochino.org\/iching\/#organization\",\"name\":\"Or\u00e1culo Chino\",\"alternateName\":\"i ching\",\"url\":\"https:\/\/www.oraculochino.org\/iching\/\",\"logo\":{\"@type\":\"ImageObject\",\"inLanguage\":\"es\",\"@id\":\"https:\/\/www.oraculochino.org\/iching\/#\/schema\/logo\/image\/\",\"url\":\"https:\/\/www.oraculochino.org\/iching\/wp-content\/uploads\/2023\/02\/I-Ching-cuero-e1676658649719.jpg\",\"contentUrl\":\"https:\/\/www.oraculochino.org\/iching\/wp-content\/uploads\/2023\/02\/I-Ching-cuero-e1676658649719.jpg\",\"width\":375,\"height\":375,\"caption\":\"Or\u00e1culo Chino\"},\"image\":{\"@id\":\"https:\/\/www.oraculochino.org\/iching\/#\/schema\/logo\/image\/\"},\"sameAs\":[\"https:\/\/www.facebook.com\/iching.oraculochino\/\",\"https:\/\/x.com\/oraculochino\",\"https:\/\/tiktok.com\/@OraculoChino\",\"https:\/\/www.instagram.com\/oraculochino\/\"]}]}<\/script>\n<!-- \/ Yoast SEO plugin. -->","yoast_head_json":{"title":"I Ching - Consultar el Tarot","description":"Adem\u00e1s del I Ching, en oraculochino.org tienes la posibilidad de consultar el TAROT de manera muy f\u00e1cil e intuitiva. Es gratis, cons\u00faltalo ahora!","robots":{"index":"index","follow":"follow","max-snippet":"max-snippet:-1","max-image-preview":"max-image-preview:large","max-video-preview":"max-video-preview:-1"},"canonical":"https:\/\/www.oraculochino.org\/iching\/tarot\/","og_locale":"es_ES","og_type":"article","og_title":"I Ching - Consultar el Tarot","og_description":"Adem\u00e1s del I Ching, en oraculochino.org tienes la posibilidad de consultar el TAROT de manera muy f\u00e1cil e intuitiva. Es gratis, cons\u00faltalo ahora!","og_url":"https:\/\/www.oraculochino.org\/iching\/tarot\/","og_site_name":"I Ching","article_publisher":"https:\/\/www.facebook.com\/iching.oraculochino\/","article_modified_time":"2024-03-02T18:47:30+00:00","twitter_card":"summary_large_image","twitter_site":"@oraculochino","twitter_misc":{"Tiempo de lectura":"1 minuto"},"schema":{"@context":"https:\/\/schema.org","@graph":[{"@type":"WebPage","@id":"https:\/\/www.oraculochino.org\/iching\/tarot\/","url":"https:\/\/www.oraculochino.org\/iching\/tarot\/","name":"I Ching - Consultar el Tarot","isPartOf":{"@id":"https:\/\/www.oraculochino.org\/iching\/#website"},"datePublished":"2024-03-01T23:51:07+00:00","dateModified":"2024-03-02T18:47:30+00:00","description":"Adem\u00e1s del I Ching, en oraculochino.org tienes la posibilidad de consultar el TAROT de manera muy f\u00e1cil e intuitiva. Es gratis, cons\u00faltalo ahora!","breadcrumb":{"@id":"https:\/\/www.oraculochino.org\/iching\/tarot\/#breadcrumb"},"inLanguage":"es","potentialAction":[{"@type":"ReadAction","target":["https:\/\/www.oraculochino.org\/iching\/tarot\/"]}]},{"@type":"BreadcrumbList","@id":"https:\/\/www.oraculochino.org\/iching\/tarot\/#breadcrumb","itemListElement":[{"@type":"ListItem","position":1,"name":"Portada","item":"https:\/\/www.oraculochino.org\/iching\/"},{"@type":"ListItem","position":2,"name":"Tarot"}]},{"@type":"WebSite","@id":"https:\/\/www.oraculochino.org\/iching\/#website","url":"https:\/\/www.oraculochino.org\/iching\/","name":"I Ching","description":"El Or\u00e1culo Chino de los Cambios","publisher":{"@id":"https:\/\/www.oraculochino.org\/iching\/#organization"},"potentialAction":[{"@type":"SearchAction","target":{"@type":"EntryPoint","urlTemplate":"https:\/\/www.oraculochino.org\/iching\/?s={search_term_string}"},"query-input":{"@type":"PropertyValueSpecification","valueRequired":true,"valueName":"search_term_string"}}],"inLanguage":"es"},{"@type":"Organization","@id":"https:\/\/www.oraculochino.org\/iching\/#organization","name":"Or\u00e1culo Chino","alternateName":"i ching","url":"https:\/\/www.oraculochino.org\/iching\/","logo":{"@type":"ImageObject","inLanguage":"es","@id":"https:\/\/www.oraculochino.org\/iching\/#\/schema\/logo\/image\/","url":"https:\/\/www.oraculochino.org\/iching\/wp-content\/uploads\/2023\/02\/I-Ching-cuero-e1676658649719.jpg","contentUrl":"https:\/\/www.oraculochino.org\/iching\/wp-content\/uploads\/2023\/02\/I-Ching-cuero-e1676658649719.jpg","width":375,"height":375,"caption":"Or\u00e1culo Chino"},"image":{"@id":"https:\/\/www.oraculochino.org\/iching\/#\/schema\/logo\/image\/"},"sameAs":["https:\/\/www.facebook.com\/iching.oraculochino\/","https:\/\/x.com\/oraculochino","https:\/\/tiktok.com\/@OraculoChino","https:\/\/www.instagram.com\/oraculochino\/"]}]}},"_links":{"self":[{"href":"https:\/\/www.oraculochino.org\/iching\/wp-json\/wp\/v2\/pages\/676"}],"collection":[{"href":"https:\/\/www.oraculochino.org\/iching\/wp-json\/wp\/v2\/pages"}],"about":[{"href":"https:\/\/www.oraculochino.org\/iching\/wp-json\/wp\/v2\/types\/page"}],"author":[{"embeddable":true,"href":"https:\/\/www.oraculochino.org\/iching\/wp-json\/wp\/v2\/users\/1"}],"replies":[{"embeddable":true,"href":"https:\/\/www.oraculochino.org\/iching\/wp-json\/wp\/v2\/comments?post=676"}],"version-history":[{"count":0,"href":"https:\/\/www.oraculochino.org\/iching\/wp-json\/wp\/v2\/pages\/676\/revisions"}],"wp:attachment":[{"href":"https:\/\/www.oraculochino.org\/iching\/wp-json\/wp\/v2\/media?parent=676"}],"curies":[{"name":"wp","href":"https:\/\/api.w.org\/{rel}","templated":true}]}}