{"id":660,"date":"2023-04-27T21:48:34","date_gmt":"2023-04-28T02:48:34","guid":{"rendered":"https:\/\/www.oraculochino.org\/iching\/?page_id=660"},"modified":"2023-04-27T21:48:36","modified_gmt":"2023-04-28T02:48:36","slug":"terminos-condiciones","status":"publish","type":"page","link":"https:\/\/www.oraculochino.org\/iching\/terminos-condiciones\/","title":{"rendered":"T\u00e9rminos y Condiciones"},"content":{"rendered":"\n<p>Bienvenido a OraculoChino.Org. Por favor, lea cuidadosamente estos T\u00e9rminos y Condiciones antes de utilizar nuestro sitio web. Al acceder o utilizar cualquier parte del sitio (a trav\u00e9s de consultar el I Ching de manera gratuita, seleccionar una casilla al suscribirse como Miembro Premium, al abrir una ventana emergente o haciendo clic en un enlace de correo electr\u00f3nico que confirma lo mismo), usted acepta estar sujeto a estos T\u00e9rminos y Condiciones. Si no est\u00e1 de acuerdo con todos los t\u00e9rminos y condiciones de este acuerdo, entonces no deber\u00eda acceder al sitio web ni utilizar ninguno de nuestros servicios.<\/p>\n\n\n\n<p>OraculoChino.org forma parte de Life Surfing School, una Sociedad de Responsabilidad Limitada con sede en Estados Unidos.  Al utilizar nuestros servicios, usted acepta cumplir con estos T\u00e9rminos y Condiciones.<\/p>\n\n\n\n<p><strong>Uso gratuito:<\/strong><\/p>\n\n\n\n<p>OraculoChino.Org ofrece en su web algunos servicios gratuitos (como la lectura gen\u00e9rica del I Ching, el or\u00e1culo del S\u00ed y No, el Decreto del d\u00eda, etc.) que son soportados en publicidad a trav\u00e9s de compa\u00f1\u00edas como Google AdSense, Ezoic, Taboola, entre otras.  Estos servicios gratuitos se ofrecen \u00abtal cual\u00bb y sin garant\u00eda.  La compa\u00f1\u00eda no se hace responsable de cualquier tipo de da\u00f1o o reclamo derivado del uso de nuestros servicios gratuitos.  <\/p>\n\n\n\n<p><strong>Miembros Premium:<\/strong><\/p>\n\n\n\n<p>OraculoChino.Org ofrece servicios adicionales a trav\u00e9s de una suscripci\u00f3n de membres\u00eda premium. Estos servicios incluyen, entre otros: lectura del I Ching, historial de consultas, interpretaci\u00f3n del I Ching mediante Inteligencia Artificial, consulta directa de los 64 hexagramas, etc. La membres\u00eda premium es voluntaria y est\u00e1 disponible para todos los usuarios que se registren y paguen la cuota mensual correspondiente de $2,99 d\u00f3lares americanos.  La membres\u00eda no exige permanencia de tiempo, por lo que un miembro premium puede cancelar su subscripci\u00f3n en cualquier momento a trav\u00e9s de nuestra p\u00e1gina web.<\/p>\n\n\n\n<p><strong>Descargo de Responsabilidad M\u00e9dica:<\/strong><\/p>\n\n\n\n<p>Es importante aclarar que los servicios ofrecidos en OraculoChino.org no constituyen una consejer\u00eda ni una terapia psicol\u00f3gica. La informaci\u00f3n y los servicios brindados en este sitio web son solo con fines de entretenimiento y no deben ser considerados como asesoramiento profesional o tratamiento para problemas psicol\u00f3gicos, de relaciones familiares, o de salud mental. Los usuarios deben buscar atenci\u00f3n m\u00e9dica o psicol\u00f3gica de profesionales calificados si necesitan ayuda en estas \u00e1reas. La informaci\u00f3n y los servicios proporcionados por OraculoChino.org no reemplazan la atenci\u00f3n m\u00e9dica o psicol\u00f3gica profesional.<\/p>\n\n\n\n<p><strong>Divulgaci\u00f3n de Amazon:<\/strong><\/p>\n\n\n\n<p>Si se adquiere cualquier producto de Amazon que recomendamos en nuestra web u otras comunicaciones, recibiremos alg\u00fan tipo de compensaci\u00f3n sin que se tenga que pagar m\u00e1s por el producto. Sin embargo, solo recomendamos cosas en las que realmente creemos y compartimos con amigos y familiares. Si tiene alg\u00fan problema con cualquier cosa que recomendemos, <a href=\"https:\/\/www.oraculochino.org\/iching\/contacto\/\">h\u00e1ganoslo saber<\/a>, pues queremos asegurarnos de siempre servirle al m\u00e1s alto nivel.<\/p>\n\n\n\n<p><strong>Divulgaci\u00f3n de la FTC:<\/strong><\/p>\n\n\n\n<p>Cualquier afirmaci\u00f3n compartida por visitantes, suscriptores o clientes se entiende como verdadera y precisa, pero no se verifica de ninguna manera. Siempre haga su propia investigaci\u00f3n (due diligence) y use su propio juicio al tomar decisiones de compra e inversi\u00f3n. Los resultados pueden no ser t\u00edpicos y pueden variar de persona a persona.<\/p>\n\n\n\n<p><strong>Pagos y Devoluciones:<\/strong><\/p>\n\n\n\n<p>No se realizan devoluciones de los pagos realizados por los miembros premium. Al aceptar estos T\u00e9rminos y Condiciones, el miembro reconoce que ha le\u00eddo y comprendido la pol\u00edtica de pago y no solicitar\u00e1 en ning\u00fan caso ninguna devoluci\u00f3n.<\/p>\n\n\n\n<p><strong>Pol\u00edtica de Privacidad:<\/strong><\/p>\n\n\n\n<p>OraculoChino.Org respeta su privacidad y se compromete a proteger la informaci\u00f3n personal que proporciona. Para obtener m\u00e1s informaci\u00f3n, consulte nuestra <a href=\"https:\/\/www.oraculochino.org\/iching\/privacy-policy\/\">Pol\u00edtica de Privacidad<\/a>.<\/p>\n\n\n\n<p><strong>Derechos de Propiedad Intelectual:<\/strong><\/p>\n\n\n\n<p>Todos los contenidos y materiales del sitio web, incluyendo, entre otros, texto, gr\u00e1ficos, logotipos, iconos de botones, im\u00e1genes, clips de audio, descargas digitales y compilaciones de datos, son propiedad exclusiva de \u00abLife Surfing School\u00bb o de sus proveedores de contenido y est\u00e1n protegidos por las leyes de propiedad intelectual aplicables. No se permite la reproducci\u00f3n, distribuci\u00f3n, exhibici\u00f3n p\u00fablica, modificaci\u00f3n, creaci\u00f3n de trabajos derivados, transmisi\u00f3n o explotaci\u00f3n de cualquier contenido del sitio web sin el consentimiento previo por escrito de \u00abLife Surfing School\u00bb o el propietario de los derechos de autor correspondiente.<\/p>\n\n\n\n<p><strong>Cambios en los T\u00e9rminos y Condiciones:<\/strong><\/p>\n\n\n\n<p>Nos reservamos el derecho de actualizar o modificar estos T\u00e9rminos y Condiciones en cualquier momento sin previo aviso. Cualquier cambio en estos T\u00e9rminos y Condiciones ser\u00e1 efectivo inmediatamente despu\u00e9s de la publicaci\u00f3n en nuestro sitio web. El uso continuo del sitio web despu\u00e9s de cualquier cambio en estos T\u00e9rminos y Condiciones constituye su aceptaci\u00f3n de dichos cambios.<\/p>\n\n\n\n<p><strong>C\u00f3mo ponerse en contacto con nosotros<\/strong><\/p>\n\n\n\n<p>Si tiene alguna pregunta sobre estos T\u00e9rminos y Condiciones, no dude en ponerse en contacto con nosotros a trav\u00e9s de nuestro <a href=\"https:\/\/www.oraculochino.org\/iching\/contacto\/\">Formulario de Contacto<\/a>, o directamente mediante la siguiente informaci\u00f3n:<\/p>\n\n\n\n<figure class=\"wp-block-image size-full is-resized\"><img loading=\"lazy\" decoding=\"async\" src=\"https:\/\/www.oraculochino.org\/iching\/wp-content\/uploads\/2023\/01\/iChing_ContactInfo-1.png\" alt=\"\" class=\"wp-image-595\" width=\"415\" height=\"84\" srcset=\"https:\/\/www.oraculochino.org\/iching\/wp-content\/uploads\/2023\/01\/iChing_ContactInfo-1.png 810w, https:\/\/www.oraculochino.org\/iching\/wp-content\/uploads\/2023\/01\/iChing_ContactInfo-1-300x61.png 300w, https:\/\/www.oraculochino.org\/iching\/wp-content\/uploads\/2023\/01\/iChing_ContactInfo-1-768x157.png 768w\" sizes=\"(max-width: 415px) 100vw, 415px\" \/><\/figure>\n\n\n\n<p><strong>C\u00f3mo ponerse en contacto con la autoridad competente<\/strong><\/p>\n\n\n\n<p>Si desea presentar un reclamo o si considera que nuestra empresa no ha resuelto su problema de forma satisfactoria, puede ponerse en contacto con la Oficina de la Comisi\u00f3n Federal de Comercio en: <a href=\"https:\/\/consumer.ftc.gov\/\" target=\"_blank\" rel=\"noreferrer noopener\">https:\/\/consumer.ftc.gov\/<\/a>.<\/p>\n","protected":false},"excerpt":{"rendered":"<p>Bienvenido a OraculoChino.Org. Por favor, lea cuidadosamente estos T\u00e9rminos y Condiciones antes de utilizar nuestro sitio web. Al acceder o utilizar cualquier parte del sitio (a trav\u00e9s de consultar el I Ching de manera gratuita, seleccionar una casilla al suscribirse como Miembro Premium, al abrir una ventana emergente o haciendo clic en un enlace de &#8230; <a title=\"T\u00e9rminos y Condiciones\" class=\"read-more\" href=\"https:\/\/www.oraculochino.org\/iching\/terminos-condiciones\/\">Read more<\/a><\/p>\n","protected":false},"author":1,"featured_media":0,"parent":0,"menu_order":0,"comment_status":"closed","ping_status":"open","template":"","meta":{"_glsr_average":0,"_glsr_ranking":0,"_glsr_reviews":0,"footnotes":""},"class_list":["post-660","page","type-page","status-publish"],"yoast_head":"<!-- This site is optimized with the Yoast SEO plugin v25.6 - https:\/\/yoast.com\/wordpress\/plugins\/seo\/ -->\n<title>I Ching - T\u00e9rminos y Condiciones<\/title>\n<meta name=\"description\" content=\"T\u00e9rminos y Condiciones de OraculoChino.Org\" \/>\n<meta name=\"robots\" content=\"index, follow, max-snippet:-1, max-image-preview:large, max-video-preview:-1\" \/>\n<link rel=\"canonical\" href=\"https:\/\/www.oraculochino.org\/iching\/terminos-condiciones\/\" \/>\n<meta property=\"og:locale\" content=\"es_ES\" \/>\n<meta property=\"og:type\" content=\"article\" \/>\n<meta property=\"og:title\" content=\"I Ching - T\u00e9rminos y Condiciones\" \/>\n<meta property=\"og:description\" content=\"T\u00e9rminos y Condiciones de OraculoChino.Org\" \/>\n<meta property=\"og:url\" content=\"https:\/\/www.oraculochino.org\/iching\/terminos-condiciones\/\" \/>\n<meta property=\"og:site_name\" content=\"I Ching\" \/>\n<meta property=\"article:publisher\" content=\"https:\/\/www.facebook.com\/iching.oraculochino\/\" \/>\n<meta property=\"article:modified_time\" content=\"2023-04-28T02:48:36+00:00\" \/>\n<meta property=\"og:image\" content=\"https:\/\/www.oraculochino.org\/iching\/wp-content\/uploads\/2023\/01\/iChing_ContactInfo-1.png\" \/>\n<meta name=\"twitter:card\" content=\"summary_large_image\" \/>\n<meta name=\"twitter:site\" content=\"@oraculochino\" \/>\n<meta name=\"twitter:label1\" content=\"Tiempo de lectura\" \/>\n\t<meta name=\"twitter:data1\" content=\"4 minutos\" \/>\n<script type=\"application\/ld+json\" class=\"yoast-schema-graph\">{\"@context\":\"https:\/\/schema.org\",\"@graph\":[{\"@type\":\"WebPage\",\"@id\":\"https:\/\/www.oraculochino.org\/iching\/terminos-condiciones\/\",\"url\":\"https:\/\/www.oraculochino.org\/iching\/terminos-condiciones\/\",\"name\":\"I Ching - T\u00e9rminos y Condiciones\",\"isPartOf\":{\"@id\":\"https:\/\/www.oraculochino.org\/iching\/#website\"},\"primaryImageOfPage\":{\"@id\":\"https:\/\/www.oraculochino.org\/iching\/terminos-condiciones\/#primaryimage\"},\"image\":{\"@id\":\"https:\/\/www.oraculochino.org\/iching\/terminos-condiciones\/#primaryimage\"},\"thumbnailUrl\":\"https:\/\/www.oraculochino.org\/iching\/wp-content\/uploads\/2023\/01\/iChing_ContactInfo-1.png\",\"datePublished\":\"2023-04-28T02:48:34+00:00\",\"dateModified\":\"2023-04-28T02:48:36+00:00\",\"description\":\"T\u00e9rminos y Condiciones de OraculoChino.Org\",\"breadcrumb\":{\"@id\":\"https:\/\/www.oraculochino.org\/iching\/terminos-condiciones\/#breadcrumb\"},\"inLanguage\":\"es\",\"potentialAction\":[{\"@type\":\"ReadAction\",\"target\":[\"https:\/\/www.oraculochino.org\/iching\/terminos-condiciones\/\"]}]},{\"@type\":\"ImageObject\",\"inLanguage\":\"es\",\"@id\":\"https:\/\/www.oraculochino.org\/iching\/terminos-condiciones\/#primaryimage\",\"url\":\"https:\/\/www.oraculochino.org\/iching\/wp-content\/uploads\/2023\/01\/iChing_ContactInfo-1.png\",\"contentUrl\":\"https:\/\/www.oraculochino.org\/iching\/wp-content\/uploads\/2023\/01\/iChing_ContactInfo-1.png\",\"width\":810,\"height\":166},{\"@type\":\"BreadcrumbList\",\"@id\":\"https:\/\/www.oraculochino.org\/iching\/terminos-condiciones\/#breadcrumb\",\"itemListElement\":[{\"@type\":\"ListItem\",\"position\":1,\"name\":\"Portada\",\"item\":\"https:\/\/www.oraculochino.org\/iching\/\"},{\"@type\":\"ListItem\",\"position\":2,\"name\":\"T\u00e9rminos y Condiciones\"}]},{\"@type\":\"WebSite\",\"@id\":\"https:\/\/www.oraculochino.org\/iching\/#website\",\"url\":\"https:\/\/www.oraculochino.org\/iching\/\",\"name\":\"I Ching\",\"description\":\"El Or\u00e1culo Chino de los Cambios\",\"publisher\":{\"@id\":\"https:\/\/www.oraculochino.org\/iching\/#organization\"},\"potentialAction\":[{\"@type\":\"SearchAction\",\"target\":{\"@type\":\"EntryPoint\",\"urlTemplate\":\"https:\/\/www.oraculochino.org\/iching\/?s={search_term_string}\"},\"query-input\":{\"@type\":\"PropertyValueSpecification\",\"valueRequired\":true,\"valueName\":\"search_term_string\"}}],\"inLanguage\":\"es\"},{\"@type\":\"Organization\",\"@id\":\"https:\/\/www.oraculochino.org\/iching\/#organization\",\"name\":\"Or\u00e1culo Chino\",\"alternateName\":\"i ching\",\"url\":\"https:\/\/www.oraculochino.org\/iching\/\",\"logo\":{\"@type\":\"ImageObject\",\"inLanguage\":\"es\",\"@id\":\"https:\/\/www.oraculochino.org\/iching\/#\/schema\/logo\/image\/\",\"url\":\"https:\/\/www.oraculochino.org\/iching\/wp-content\/uploads\/2023\/02\/I-Ching-cuero-e1676658649719.jpg\",\"contentUrl\":\"https:\/\/www.oraculochino.org\/iching\/wp-content\/uploads\/2023\/02\/I-Ching-cuero-e1676658649719.jpg\",\"width\":375,\"height\":375,\"caption\":\"Or\u00e1culo Chino\"},\"image\":{\"@id\":\"https:\/\/www.oraculochino.org\/iching\/#\/schema\/logo\/image\/\"},\"sameAs\":[\"https:\/\/www.facebook.com\/iching.oraculochino\/\",\"https:\/\/x.com\/oraculochino\",\"https:\/\/tiktok.com\/@OraculoChino\",\"https:\/\/www.instagram.com\/oraculochino\/\"]}]}<\/script>\n<!-- \/ Yoast SEO plugin. -->","yoast_head_json":{"title":"I Ching - T\u00e9rminos y Condiciones","description":"T\u00e9rminos y Condiciones de OraculoChino.Org","robots":{"index":"index","follow":"follow","max-snippet":"max-snippet:-1","max-image-preview":"max-image-preview:large","max-video-preview":"max-video-preview:-1"},"canonical":"https:\/\/www.oraculochino.org\/iching\/terminos-condiciones\/","og_locale":"es_ES","og_type":"article","og_title":"I Ching - T\u00e9rminos y Condiciones","og_description":"T\u00e9rminos y Condiciones de OraculoChino.Org","og_url":"https:\/\/www.oraculochino.org\/iching\/terminos-condiciones\/","og_site_name":"I Ching","article_publisher":"https:\/\/www.facebook.com\/iching.oraculochino\/","article_modified_time":"2023-04-28T02:48:36+00:00","og_image":[{"url":"https:\/\/www.oraculochino.org\/iching\/wp-content\/uploads\/2023\/01\/iChing_ContactInfo-1.png","type":"","width":"","height":""}],"twitter_card":"summary_large_image","twitter_site":"@oraculochino","twitter_misc":{"Tiempo de lectura":"4 minutos"},"schema":{"@context":"https:\/\/schema.org","@graph":[{"@type":"WebPage","@id":"https:\/\/www.oraculochino.org\/iching\/terminos-condiciones\/","url":"https:\/\/www.oraculochino.org\/iching\/terminos-condiciones\/","name":"I Ching - T\u00e9rminos y Condiciones","isPartOf":{"@id":"https:\/\/www.oraculochino.org\/iching\/#website"},"primaryImageOfPage":{"@id":"https:\/\/www.oraculochino.org\/iching\/terminos-condiciones\/#primaryimage"},"image":{"@id":"https:\/\/www.oraculochino.org\/iching\/terminos-condiciones\/#primaryimage"},"thumbnailUrl":"https:\/\/www.oraculochino.org\/iching\/wp-content\/uploads\/2023\/01\/iChing_ContactInfo-1.png","datePublished":"2023-04-28T02:48:34+00:00","dateModified":"2023-04-28T02:48:36+00:00","description":"T\u00e9rminos y Condiciones de OraculoChino.Org","breadcrumb":{"@id":"https:\/\/www.oraculochino.org\/iching\/terminos-condiciones\/#breadcrumb"},"inLanguage":"es","potentialAction":[{"@type":"ReadAction","target":["https:\/\/www.oraculochino.org\/iching\/terminos-condiciones\/"]}]},{"@type":"ImageObject","inLanguage":"es","@id":"https:\/\/www.oraculochino.org\/iching\/terminos-condiciones\/#primaryimage","url":"https:\/\/www.oraculochino.org\/iching\/wp-content\/uploads\/2023\/01\/iChing_ContactInfo-1.png","contentUrl":"https:\/\/www.oraculochino.org\/iching\/wp-content\/uploads\/2023\/01\/iChing_ContactInfo-1.png","width":810,"height":166},{"@type":"BreadcrumbList","@id":"https:\/\/www.oraculochino.org\/iching\/terminos-condiciones\/#breadcrumb","itemListElement":[{"@type":"ListItem","position":1,"name":"Portada","item":"https:\/\/www.oraculochino.org\/iching\/"},{"@type":"ListItem","position":2,"name":"T\u00e9rminos y Condiciones"}]},{"@type":"WebSite","@id":"https:\/\/www.oraculochino.org\/iching\/#website","url":"https:\/\/www.oraculochino.org\/iching\/","name":"I Ching","description":"El Or\u00e1culo Chino de los Cambios","publisher":{"@id":"https:\/\/www.oraculochino.org\/iching\/#organization"},"potentialAction":[{"@type":"SearchAction","target":{"@type":"EntryPoint","urlTemplate":"https:\/\/www.oraculochino.org\/iching\/?s={search_term_string}"},"query-input":{"@type":"PropertyValueSpecification","valueRequired":true,"valueName":"search_term_string"}}],"inLanguage":"es"},{"@type":"Organization","@id":"https:\/\/www.oraculochino.org\/iching\/#organization","name":"Or\u00e1culo Chino","alternateName":"i ching","url":"https:\/\/www.oraculochino.org\/iching\/","logo":{"@type":"ImageObject","inLanguage":"es","@id":"https:\/\/www.oraculochino.org\/iching\/#\/schema\/logo\/image\/","url":"https:\/\/www.oraculochino.org\/iching\/wp-content\/uploads\/2023\/02\/I-Ching-cuero-e1676658649719.jpg","contentUrl":"https:\/\/www.oraculochino.org\/iching\/wp-content\/uploads\/2023\/02\/I-Ching-cuero-e1676658649719.jpg","width":375,"height":375,"caption":"Or\u00e1culo Chino"},"image":{"@id":"https:\/\/www.oraculochino.org\/iching\/#\/schema\/logo\/image\/"},"sameAs":["https:\/\/www.facebook.com\/iching.oraculochino\/","https:\/\/x.com\/oraculochino","https:\/\/tiktok.com\/@OraculoChino","https:\/\/www.instagram.com\/oraculochino\/"]}]}},"_links":{"self":[{"href":"https:\/\/www.oraculochino.org\/iching\/wp-json\/wp\/v2\/pages\/660"}],"collection":[{"href":"https:\/\/www.oraculochino.org\/iching\/wp-json\/wp\/v2\/pages"}],"about":[{"href":"https:\/\/www.oraculochino.org\/iching\/wp-json\/wp\/v2\/types\/page"}],"author":[{"embeddable":true,"href":"https:\/\/www.oraculochino.org\/iching\/wp-json\/wp\/v2\/users\/1"}],"replies":[{"embeddable":true,"href":"https:\/\/www.oraculochino.org\/iching\/wp-json\/wp\/v2\/comments?post=660"}],"version-history":[{"count":0,"href":"https:\/\/www.oraculochino.org\/iching\/wp-json\/wp\/v2\/pages\/660\/revisions"}],"wp:attachment":[{"href":"https:\/\/www.oraculochino.org\/iching\/wp-json\/wp\/v2\/media?parent=660"}],"curies":[{"name":"wp","href":"https:\/\/api.w.org\/{rel}","templated":true}]}}