{"id":293,"date":"2022-04-26T21:13:00","date_gmt":"2022-04-27T02:13:00","guid":{"rendered":"https:\/\/www.oraculochino.org\/iching\/?page_id=293"},"modified":"2023-05-30T16:19:18","modified_gmt":"2023-05-30T21:19:18","slug":"miembros","status":"publish","type":"page","link":"https:\/\/www.oraculochino.org\/iching\/miembros\/","title":{"rendered":"\u00c1rea de Miembros"},"content":{"rendered":"\n<p>Esta funci\u00f3n es \u00fanicamente para Miembros Premium de OraculoChino.org.<\/p>\n\n\n\n<div class=\"wp-block-columns is-layout-flex wp-container-core-columns-is-layout-1 wp-block-columns-is-layout-flex\">\n<div class=\"wp-block-column is-layout-flow wp-block-column-is-layout-flow\"><div class=\"wp-block-image\">\n<figure class=\"aligncenter size-full is-resized\" id=\"premium\"><img loading=\"lazy\" decoding=\"async\" src=\"https:\/\/www.oraculochino.org\/iching\/wp-content\/uploads\/2023\/02\/IChing-Interpretacion.png\" alt=\"\" class=\"wp-image-606\" width=\"254\" height=\"450\" srcset=\"https:\/\/www.oraculochino.org\/iching\/wp-content\/uploads\/2023\/02\/IChing-Interpretacion.png 400w, https:\/\/www.oraculochino.org\/iching\/wp-content\/uploads\/2023\/02\/IChing-Interpretacion-169x300.png 169w\" sizes=\"(max-width: 254px) 100vw, 254px\" \/><figcaption class=\"wp-element-caption\"><strong>Interpretaci\u00f3n Personalizada mediante Inteligencia Artificial<\/strong><\/figcaption><\/figure><\/div><\/div>\n\n\n\n<div class=\"wp-block-column is-layout-flow wp-block-column-is-layout-flow\"><div class=\"wp-block-image\">\n<figure class=\"aligncenter size-large is-resized\"><img loading=\"lazy\" decoding=\"async\" src=\"https:\/\/www.oraculochino.org\/iching\/wp-content\/uploads\/2023\/01\/iChing_iPhone-e1675732520584-585x1024.png\" alt=\"\" class=\"wp-image-582\" width=\"254\" height=\"450\"\/><figcaption class=\"wp-element-caption\"><strong>Hist\u00f3rico de Consultas<\/strong><\/figcaption><\/figure><\/div><\/div>\n<\/div>\n\n\n\n<p>Ser <strong><a href=\"#signup\">Miembro Premium<\/a><\/strong> te brinda los siguientes beneficios exclusivos:<\/p>\n\n\n\n<ul class=\"wp-block-list\">\n<li>Te liberas de la molesta publicidad.<\/li>\n\n\n\n<li>Puedes guardar y consultar el historial de tus consultas, organizarlas por fecha y hora, ver las respuestas obtenidas y eliminar aquellas consultas que no te interese conservarlas.<\/li>\n\n\n\n<li>Puedes seleccionar y estudiar cada uno de los 64 hexagramas del I Ching de manera directa, sin tener que hacer alguna consulta.<\/li>\n\n\n\n<li>Te ser\u00e1n respondidas las inquietudes o comentarios que nos env\u00edes a trav\u00e9s del formulario de contacto.<\/li>\n\n\n\n<li>Y lo m\u00e1s novedoso: <strong>Un sistema de Inteligencia Artificial te brindar\u00e1 interpretaciones personalizadas<\/strong> con base en tus preguntas y las respuestas que te da el I Ching.  Como es un sistema que aprende con la pr\u00e1ctica, te brindar\u00e1 interpretaciones cada vez m\u00e1s precisas a medida que lo uses.<\/li>\n<\/ul>\n\n\n\n<p>Todos estos beneficios por tan solo <strong><a href=\"#Signup\" rel=\"nofollow\">$2,99 USD al mes<\/a><\/strong>.   <\/p>\n\n\n\n<p>\u00bfQu\u00e9 esperas?  \u00a1Hazte Miembro Premium ahora!<\/p>\n\n\n\n<div style=\"text-align: center\"><button class=\"boton\" onclick=\"alert('Las plazas para nuevos Miembros Premium est\u00e1n cerradas por ahora. Agradecemos tu inter\u00e9s.')\">  <strong>Quiero Ser Miembro Premium<\/strong>  <\/button><\/div><br>\n\n\n\n<p> Si ya eres miembro, <a href=\"https:\/\/oraculochino.memberful.com\/auth\/sign_in\" rel=\"nofollow\">ingresa aqu\u00ed<\/a>.<\/p>\n\n\n\n<hr class=\"wp-block-separator has-text-color has-contrast-3-color has-alpha-channel-opacity has-contrast-3-background-color has-background is-style-dots\"\/>\n\n\n\n<h2>\u00bfQu\u00e9 dicen nuestros actuales Miembros Premium?<\/h2>\n\n\n\n<div class=\"wp-block-group\"><div class=\"wp-block-group__inner-container is-layout-constrained wp-block-group-is-layout-constrained\"><div class=\"glsr glsr-default\" id=\"glsr_a2a4d0e4\" data-from=\"block\" data-shortcode=\"site_reviews\" data-display=\"4\" data-hide=\"title,date,avatar\" data-pagination=\"ajax\"><div class=\"glsr-reviews-wrap\">\n    <div class=\"glsr-reviews\">\n        <div class=\"glsr-review\" data-type=\"local\" id=\"review-658\" data-assigned='[]'>\n    \n    <div class=\"glsr-review-rating\"><div class=\"glsr-star-rating glsr-stars\" role=\"img\" aria-label=\"Valorado con 5 de 5 estrellas\" data-rating=\"5\" data-reviews=\"0\"><span class=\"glsr-star glsr-star-full\" aria-hidden=\"true\"><\/span><span class=\"glsr-star glsr-star-full\" aria-hidden=\"true\"><\/span><span class=\"glsr-star glsr-star-full\" aria-hidden=\"true\"><\/span><span class=\"glsr-star glsr-star-full\" aria-hidden=\"true\"><\/span><span class=\"glsr-star glsr-star-full\" aria-hidden=\"true\"><\/span><\/div><\/div> \n    \n    <div class=\"glsr-review-content\"><div class=\"glsr-tag-value\" data-expanded=\"false\"><p>Enbuenahora chicos por tan noble labor de haber preservado la sabidur\u00eda de este or\u00e1culo por tantos a\u00f1os, y ahora por adaptarle esta inteligencia avanzada que me sorprende con sus consejos pr\u00e1cticos. He sido una usuaria fiel de este sitio por a\u00f1os y seguir\u00e9 as\u00ed hasta que Dios lo permita. Gracias!<\/p><\/div><\/div>\n     <div class=\"glsr-review-author\"><span class=\"glsr-tag-value\">Lola Garc\u00eda<\/span><\/div> \n    \n<\/div>\n<div class=\"glsr-review\" data-type=\"local\" id=\"review-650\" data-assigned='{\"assigned_terms\":[8]}'>\n    \n    <div class=\"glsr-review-rating\"><div class=\"glsr-star-rating glsr-stars\" role=\"img\" aria-label=\"Valorado con 4 de 5 estrellas\" data-rating=\"4\" data-reviews=\"0\"><span class=\"glsr-star glsr-star-full\" aria-hidden=\"true\"><\/span><span class=\"glsr-star glsr-star-full\" aria-hidden=\"true\"><\/span><span class=\"glsr-star glsr-star-full\" aria-hidden=\"true\"><\/span><span class=\"glsr-star glsr-star-full\" aria-hidden=\"true\"><\/span><span class=\"glsr-star glsr-star-empty\" aria-hidden=\"true\"><\/span><\/div><\/div> \n    \n    <div class=\"glsr-review-content\"><div class=\"glsr-tag-value\" data-expanded=\"false\"><p>Ojal\u00e1 que la interpretaci\u00f3n fuera m\u00e1s extensa para comprender mejor la repuesta del I Ching, sin embargo los consejos que arroja son siempre muy acertados y justos, aunque a mi ego no le guste a veces reconocer que este or\u00e1culo responde con la verdad y no con lo que a m\u00ed me gustar\u00eda&#8230;<\/p><\/div><\/div>\n     <div class=\"glsr-review-author\"><span class=\"glsr-tag-value\">Jaime Mansilla<\/span><\/div> \n    \n<\/div>\n<div class=\"glsr-review\" data-type=\"local\" id=\"review-639\" data-assigned='{\"assigned_terms\":[8]}'>\n    \n    <div class=\"glsr-review-rating\"><div class=\"glsr-star-rating glsr-stars\" role=\"img\" aria-label=\"Valorado con 5 de 5 estrellas\" data-rating=\"5\" data-reviews=\"0\"><span class=\"glsr-star glsr-star-full\" aria-hidden=\"true\"><\/span><span class=\"glsr-star glsr-star-full\" aria-hidden=\"true\"><\/span><span class=\"glsr-star glsr-star-full\" aria-hidden=\"true\"><\/span><span class=\"glsr-star glsr-star-full\" aria-hidden=\"true\"><\/span><span class=\"glsr-star glsr-star-full\" aria-hidden=\"true\"><\/span><\/div><\/div> \n    \n    <div class=\"glsr-review-content\"><div class=\"glsr-tag-value\" data-expanded=\"false\"><p class=\"glsr-hidden-text\" data-show-less=\"Mostrar menos\" data-show-more=\"Mostrar m\u00e1s\" data-trigger=\"expand\">Despu\u00e9s de varios d\u00edas de haber consultado el I Ching fue que vine a encontrarme en ciertas situaciones de vida que me hicieron comprender la respuesta que me hab\u00eda dado. El hecho de poder consultar nuevamente cu\u00e1l fue mi pregunta y la respuesta dada, fue de tremenda utilidad para poder tener claridad y tomar las<span class=\"glsr-hidden\"> decisiones correctas.<\/span><\/p><\/div><\/div>\n     <div class=\"glsr-review-author\"><span class=\"glsr-tag-value\">Liliana<\/span><\/div> \n    \n<\/div>\n<div class=\"glsr-review\" data-type=\"local\" id=\"review-638\" data-assigned='{\"assigned_terms\":[8]}'>\n    \n    <div class=\"glsr-review-rating\"><div class=\"glsr-star-rating glsr-stars\" role=\"img\" aria-label=\"Valorado con 5 de 5 estrellas\" data-rating=\"5\" data-reviews=\"0\"><span class=\"glsr-star glsr-star-full\" aria-hidden=\"true\"><\/span><span class=\"glsr-star glsr-star-full\" aria-hidden=\"true\"><\/span><span class=\"glsr-star glsr-star-full\" aria-hidden=\"true\"><\/span><span class=\"glsr-star glsr-star-full\" aria-hidden=\"true\"><\/span><span class=\"glsr-star glsr-star-full\" aria-hidden=\"true\"><\/span><\/div><\/div> \n    \n    <div class=\"glsr-review-content\"><div class=\"glsr-tag-value\" data-expanded=\"false\"><p>La interpretaci\u00f3n que hace la inteligencia artificial es impresionante. Me dijo exactamente lo que mi intuici\u00f3n ya me suger\u00eda pero yo me resist\u00eda a creer. Gracias por agregar tan magn\u00edfica herramienta para quienes no somos muy estudiosos del i Ching y nos cuesta aterrizar sus respuestas.<\/p><\/div><\/div>\n     <div class=\"glsr-review-author\"><span class=\"glsr-tag-value\">Marco Sanz<\/span><\/div> \n    \n<\/div>\n    <\/div>\n    <div class=\"glsr-pagination glsr-ajax-pagination\" data-display=\"4\" data-hide=\"title,date,avatar\" data-id=\"glsr_a2a4d0e4\" data-pagination=\"ajax\"><div class=\"pagination\">\n    <nav class=\"navigation\" role=\"navigation\">\n        <h2 class=\"screen-reader-text\">Navegaci\u00f3n de las rese\u00f1as del sitio<\/h2>\n        <div class=\"nav-links\">\n            <span class=\"page-numbers current\" aria-current=\"page\" data-page=\"1\"><span class=\"meta-nav screen-reader-text\">P\u00e1gina <\/span>1<\/span>\n<a class=\"page-numbers\" data-page=\"2\" href=\"https:\/\/www.oraculochino.org\/iching\/miembros\/?reviews-page=2\"><span class=\"meta-nav screen-reader-text\">P\u00e1gina <\/span>2<\/a>\n<a class=\"page-numbers\" data-page=\"3\" href=\"https:\/\/www.oraculochino.org\/iching\/miembros\/?reviews-page=3\"><span class=\"meta-nav screen-reader-text\">P\u00e1gina <\/span>3<\/a>\n<a class=\"page-numbers next\" data-page=\"2\" href=\"https:\/\/www.oraculochino.org\/iching\/miembros\/?reviews-page=2\">Siguiente<\/a>\n        <\/div>\n    <\/nav>\n<\/div><\/div>\n<\/div><\/div><\/div><\/div>\n\n\n\n<hr class=\"wp-block-separator has-text-color has-contrast-3-color has-alpha-channel-opacity has-contrast-3-background-color has-background is-style-dots\"\/>\n\n\n\n<div style=\"text-align: center\"><button class=\"boton\" onclick=\"location.href='https:\/\/oraculochino.memberful.com\/checkout?plan=80016'\">  <strong>Quiero Ser Miembro Premium<\/strong>  <\/button><\/div><br>\n","protected":false},"excerpt":{"rendered":"<p>Esta funci\u00f3n es \u00fanicamente para Miembros Premium de OraculoChino.org. Ser Miembro Premium te brinda los siguientes beneficios exclusivos: Todos estos beneficios por tan solo $2,99 USD al mes. \u00bfQu\u00e9 esperas? \u00a1Hazte Miembro Premium ahora! Quiero Ser Miembro Premium Si ya eres miembro, ingresa aqu\u00ed. \u00bfQu\u00e9 dicen nuestros actuales Miembros Premium? Quiero Ser Miembro Premium<\/p>\n","protected":false},"author":1,"featured_media":0,"parent":0,"menu_order":0,"comment_status":"closed","ping_status":"closed","template":"","meta":{"_glsr_average":0,"_glsr_ranking":0,"_glsr_reviews":0,"footnotes":""},"class_list":["post-293","page","type-page","status-publish"],"yoast_head":"<!-- This site is optimized with the Yoast SEO plugin v25.6 - https:\/\/yoast.com\/wordpress\/plugins\/seo\/ -->\n<title>I Ching - \u00c1rea de Miembros<\/title>\n<meta name=\"description\" content=\"Obt\u00e9n respuestas claras con nuestro Or\u00e1culo I Ching en l\u00ednea. Utilizamos Inteligencia Artificial para brindarte interpretaciones personalizadas y precisas.\" \/>\n<meta name=\"robots\" content=\"index, follow, max-snippet:-1, max-image-preview:large, max-video-preview:-1\" \/>\n<link rel=\"canonical\" href=\"https:\/\/www.oraculochino.org\/iching\/miembros\/\" \/>\n<meta property=\"og:locale\" content=\"es_ES\" \/>\n<meta property=\"og:type\" content=\"article\" \/>\n<meta property=\"og:title\" content=\"I Ching - \u00c1rea de Miembros\" \/>\n<meta property=\"og:description\" content=\"Obt\u00e9n respuestas claras con nuestro Or\u00e1culo I Ching en l\u00ednea. Utilizamos Inteligencia Artificial para brindarte interpretaciones personalizadas y precisas.\" \/>\n<meta property=\"og:url\" content=\"https:\/\/www.oraculochino.org\/iching\/miembros\/\" \/>\n<meta property=\"og:site_name\" content=\"I Ching\" \/>\n<meta property=\"article:publisher\" content=\"https:\/\/www.facebook.com\/iching.oraculochino\/\" \/>\n<meta property=\"article:modified_time\" content=\"2023-05-30T21:19:18+00:00\" \/>\n<meta property=\"og:image\" content=\"https:\/\/www.oraculochino.org\/iching\/wp-content\/uploads\/2023\/02\/IChing-Interpretacion.png\" \/>\n<meta name=\"twitter:card\" content=\"summary_large_image\" \/>\n<meta name=\"twitter:site\" content=\"@oraculochino\" \/>\n<meta name=\"twitter:label1\" content=\"Tiempo de lectura\" \/>\n\t<meta name=\"twitter:data1\" content=\"2 minutos\" \/>\n<script type=\"application\/ld+json\" class=\"yoast-schema-graph\">{\"@context\":\"https:\/\/schema.org\",\"@graph\":[{\"@type\":\"WebPage\",\"@id\":\"https:\/\/www.oraculochino.org\/iching\/miembros\/\",\"url\":\"https:\/\/www.oraculochino.org\/iching\/miembros\/\",\"name\":\"I Ching - \u00c1rea de Miembros\",\"isPartOf\":{\"@id\":\"https:\/\/www.oraculochino.org\/iching\/#website\"},\"primaryImageOfPage\":{\"@id\":\"https:\/\/www.oraculochino.org\/iching\/miembros\/#primaryimage\"},\"image\":{\"@id\":\"https:\/\/www.oraculochino.org\/iching\/miembros\/#primaryimage\"},\"thumbnailUrl\":\"https:\/\/www.oraculochino.org\/iching\/wp-content\/uploads\/2023\/02\/IChing-Interpretacion.png\",\"datePublished\":\"2022-04-27T02:13:00+00:00\",\"dateModified\":\"2023-05-30T21:19:18+00:00\",\"description\":\"Obt\u00e9n respuestas claras con nuestro Or\u00e1culo I Ching en l\u00ednea. Utilizamos Inteligencia Artificial para brindarte interpretaciones personalizadas y precisas.\",\"breadcrumb\":{\"@id\":\"https:\/\/www.oraculochino.org\/iching\/miembros\/#breadcrumb\"},\"inLanguage\":\"es\",\"potentialAction\":[{\"@type\":\"ReadAction\",\"target\":[\"https:\/\/www.oraculochino.org\/iching\/miembros\/\"]}]},{\"@type\":\"ImageObject\",\"inLanguage\":\"es\",\"@id\":\"https:\/\/www.oraculochino.org\/iching\/miembros\/#primaryimage\",\"url\":\"https:\/\/www.oraculochino.org\/iching\/wp-content\/uploads\/2023\/02\/IChing-Interpretacion.png\",\"contentUrl\":\"https:\/\/www.oraculochino.org\/iching\/wp-content\/uploads\/2023\/02\/IChing-Interpretacion.png\",\"width\":400,\"height\":711},{\"@type\":\"BreadcrumbList\",\"@id\":\"https:\/\/www.oraculochino.org\/iching\/miembros\/#breadcrumb\",\"itemListElement\":[{\"@type\":\"ListItem\",\"position\":1,\"name\":\"Portada\",\"item\":\"https:\/\/www.oraculochino.org\/iching\/\"},{\"@type\":\"ListItem\",\"position\":2,\"name\":\"\u00c1rea de Miembros\"}]},{\"@type\":\"WebSite\",\"@id\":\"https:\/\/www.oraculochino.org\/iching\/#website\",\"url\":\"https:\/\/www.oraculochino.org\/iching\/\",\"name\":\"I Ching\",\"description\":\"El Or\u00e1culo Chino de los Cambios\",\"publisher\":{\"@id\":\"https:\/\/www.oraculochino.org\/iching\/#organization\"},\"potentialAction\":[{\"@type\":\"SearchAction\",\"target\":{\"@type\":\"EntryPoint\",\"urlTemplate\":\"https:\/\/www.oraculochino.org\/iching\/?s={search_term_string}\"},\"query-input\":{\"@type\":\"PropertyValueSpecification\",\"valueRequired\":true,\"valueName\":\"search_term_string\"}}],\"inLanguage\":\"es\"},{\"@type\":\"Organization\",\"@id\":\"https:\/\/www.oraculochino.org\/iching\/#organization\",\"name\":\"Or\u00e1culo Chino\",\"alternateName\":\"i ching\",\"url\":\"https:\/\/www.oraculochino.org\/iching\/\",\"logo\":{\"@type\":\"ImageObject\",\"inLanguage\":\"es\",\"@id\":\"https:\/\/www.oraculochino.org\/iching\/#\/schema\/logo\/image\/\",\"url\":\"https:\/\/www.oraculochino.org\/iching\/wp-content\/uploads\/2023\/02\/I-Ching-cuero-e1676658649719.jpg\",\"contentUrl\":\"https:\/\/www.oraculochino.org\/iching\/wp-content\/uploads\/2023\/02\/I-Ching-cuero-e1676658649719.jpg\",\"width\":375,\"height\":375,\"caption\":\"Or\u00e1culo Chino\"},\"image\":{\"@id\":\"https:\/\/www.oraculochino.org\/iching\/#\/schema\/logo\/image\/\"},\"sameAs\":[\"https:\/\/www.facebook.com\/iching.oraculochino\/\",\"https:\/\/x.com\/oraculochino\",\"https:\/\/tiktok.com\/@OraculoChino\",\"https:\/\/www.instagram.com\/oraculochino\/\"]}]}<\/script>\n<!-- \/ Yoast SEO plugin. -->","yoast_head_json":{"title":"I Ching - \u00c1rea de Miembros","description":"Obt\u00e9n respuestas claras con nuestro Or\u00e1culo I Ching en l\u00ednea. Utilizamos Inteligencia Artificial para brindarte interpretaciones personalizadas y precisas.","robots":{"index":"index","follow":"follow","max-snippet":"max-snippet:-1","max-image-preview":"max-image-preview:large","max-video-preview":"max-video-preview:-1"},"canonical":"https:\/\/www.oraculochino.org\/iching\/miembros\/","og_locale":"es_ES","og_type":"article","og_title":"I Ching - \u00c1rea de Miembros","og_description":"Obt\u00e9n respuestas claras con nuestro Or\u00e1culo I Ching en l\u00ednea. Utilizamos Inteligencia Artificial para brindarte interpretaciones personalizadas y precisas.","og_url":"https:\/\/www.oraculochino.org\/iching\/miembros\/","og_site_name":"I Ching","article_publisher":"https:\/\/www.facebook.com\/iching.oraculochino\/","article_modified_time":"2023-05-30T21:19:18+00:00","og_image":[{"url":"https:\/\/www.oraculochino.org\/iching\/wp-content\/uploads\/2023\/02\/IChing-Interpretacion.png","type":"","width":"","height":""}],"twitter_card":"summary_large_image","twitter_site":"@oraculochino","twitter_misc":{"Tiempo de lectura":"2 minutos"},"schema":{"@context":"https:\/\/schema.org","@graph":[{"@type":"WebPage","@id":"https:\/\/www.oraculochino.org\/iching\/miembros\/","url":"https:\/\/www.oraculochino.org\/iching\/miembros\/","name":"I Ching - \u00c1rea de Miembros","isPartOf":{"@id":"https:\/\/www.oraculochino.org\/iching\/#website"},"primaryImageOfPage":{"@id":"https:\/\/www.oraculochino.org\/iching\/miembros\/#primaryimage"},"image":{"@id":"https:\/\/www.oraculochino.org\/iching\/miembros\/#primaryimage"},"thumbnailUrl":"https:\/\/www.oraculochino.org\/iching\/wp-content\/uploads\/2023\/02\/IChing-Interpretacion.png","datePublished":"2022-04-27T02:13:00+00:00","dateModified":"2023-05-30T21:19:18+00:00","description":"Obt\u00e9n respuestas claras con nuestro Or\u00e1culo I Ching en l\u00ednea. Utilizamos Inteligencia Artificial para brindarte interpretaciones personalizadas y precisas.","breadcrumb":{"@id":"https:\/\/www.oraculochino.org\/iching\/miembros\/#breadcrumb"},"inLanguage":"es","potentialAction":[{"@type":"ReadAction","target":["https:\/\/www.oraculochino.org\/iching\/miembros\/"]}]},{"@type":"ImageObject","inLanguage":"es","@id":"https:\/\/www.oraculochino.org\/iching\/miembros\/#primaryimage","url":"https:\/\/www.oraculochino.org\/iching\/wp-content\/uploads\/2023\/02\/IChing-Interpretacion.png","contentUrl":"https:\/\/www.oraculochino.org\/iching\/wp-content\/uploads\/2023\/02\/IChing-Interpretacion.png","width":400,"height":711},{"@type":"BreadcrumbList","@id":"https:\/\/www.oraculochino.org\/iching\/miembros\/#breadcrumb","itemListElement":[{"@type":"ListItem","position":1,"name":"Portada","item":"https:\/\/www.oraculochino.org\/iching\/"},{"@type":"ListItem","position":2,"name":"\u00c1rea de Miembros"}]},{"@type":"WebSite","@id":"https:\/\/www.oraculochino.org\/iching\/#website","url":"https:\/\/www.oraculochino.org\/iching\/","name":"I Ching","description":"El Or\u00e1culo Chino de los Cambios","publisher":{"@id":"https:\/\/www.oraculochino.org\/iching\/#organization"},"potentialAction":[{"@type":"SearchAction","target":{"@type":"EntryPoint","urlTemplate":"https:\/\/www.oraculochino.org\/iching\/?s={search_term_string}"},"query-input":{"@type":"PropertyValueSpecification","valueRequired":true,"valueName":"search_term_string"}}],"inLanguage":"es"},{"@type":"Organization","@id":"https:\/\/www.oraculochino.org\/iching\/#organization","name":"Or\u00e1culo Chino","alternateName":"i ching","url":"https:\/\/www.oraculochino.org\/iching\/","logo":{"@type":"ImageObject","inLanguage":"es","@id":"https:\/\/www.oraculochino.org\/iching\/#\/schema\/logo\/image\/","url":"https:\/\/www.oraculochino.org\/iching\/wp-content\/uploads\/2023\/02\/I-Ching-cuero-e1676658649719.jpg","contentUrl":"https:\/\/www.oraculochino.org\/iching\/wp-content\/uploads\/2023\/02\/I-Ching-cuero-e1676658649719.jpg","width":375,"height":375,"caption":"Or\u00e1culo Chino"},"image":{"@id":"https:\/\/www.oraculochino.org\/iching\/#\/schema\/logo\/image\/"},"sameAs":["https:\/\/www.facebook.com\/iching.oraculochino\/","https:\/\/x.com\/oraculochino","https:\/\/tiktok.com\/@OraculoChino","https:\/\/www.instagram.com\/oraculochino\/"]}]}},"_links":{"self":[{"href":"https:\/\/www.oraculochino.org\/iching\/wp-json\/wp\/v2\/pages\/293"}],"collection":[{"href":"https:\/\/www.oraculochino.org\/iching\/wp-json\/wp\/v2\/pages"}],"about":[{"href":"https:\/\/www.oraculochino.org\/iching\/wp-json\/wp\/v2\/types\/page"}],"author":[{"embeddable":true,"href":"https:\/\/www.oraculochino.org\/iching\/wp-json\/wp\/v2\/users\/1"}],"replies":[{"embeddable":true,"href":"https:\/\/www.oraculochino.org\/iching\/wp-json\/wp\/v2\/comments?post=293"}],"version-history":[{"count":0,"href":"https:\/\/www.oraculochino.org\/iching\/wp-json\/wp\/v2\/pages\/293\/revisions"}],"wp:attachment":[{"href":"https:\/\/www.oraculochino.org\/iching\/wp-json\/wp\/v2\/media?parent=293"}],"curies":[{"name":"wp","href":"https:\/\/api.w.org\/{rel}","templated":true}]}}