{"id":186,"date":"2019-11-04T23:26:11","date_gmt":"2019-11-05T04:26:11","guid":{"rendered":"https:\/\/www.oraculochino.org\/iching\/?page_id=186"},"modified":"2023-05-30T16:15:25","modified_gmt":"2023-05-30T21:15:25","slug":"si-o-no","status":"publish","type":"page","link":"https:\/\/www.oraculochino.org\/iching\/si-o-no\/","title":{"rendered":"S\u00ed o No"},"content":{"rendered":"\n<p>El I Ching es un or\u00e1culo que no responde a preguntas cerradas, tal como se explica en <a href=\"https:\/\/www.oraculochino.org\/iching\/instrucciones\/\">Las Instrucciones<\/a> para su consulta.<\/p>\n\n\n\n<p>Sin embargo, si te asalta una inquietud donde quieres que \u00abEl Universo\u00bb te responda de manera contundentemente cerrada, es decir con un S\u00ed o con un No, te podemos apoyar.<\/p>\n\n\n\n<p>S\u00f3lo debes seguir estos tres simples pasos:<\/p>\n\n\n\n<ol class=\"has-base-color has-text-color wp-block-list\">\n<li>Toma una respiraci\u00f3n profunda y trae a tu memoria aquello que m\u00e1s ames en tu vida.<\/li>\n\n\n\n<li>Sinti\u00e9ndote inundado de ese Amor,  cierra los ojos y conc\u00e9ntrate en la pregunta que quieres hacerle al Universo.<\/li>\n\n\n\n<li>Abre tus ojos, respira nuevamente, y presiona el siguiente bot\u00f3n:<\/li>\n<\/ol>\n\n\n<!-- HFCM by 99 Robots - Snippet # 4: Boton Si o No -->\n<div id=\"resp_siono\" style=\"text-align:center\">\r\n\t<button class=\"boton\" name=\"boton_siono\" id=\"boton_siono\" value=TRUE onClick=\"javascript:document.getElementById('resp_siono').innerHTML = siono()\"> VER RESPUESTA <\/button>\r\n<\/div>\n<!-- \/end HFCM by 99 Robots -->\n\n\n\n\n<div class=\"wp-block-buttons is-content-justification-center is-layout-flex wp-container-core-buttons-is-layout-1 wp-block-buttons-is-layout-flex\"><\/div>\n\n\n\n<div style=\"text-align: center\">\n<!-- PURIFYDIGITAL \/22287008444\/495__oraculochino.org__default__300x250_1 -->\n<div id='div-gpt-ad-oraculochinoorg300x250_1' style='width: 300px; height: 250px;'>\n  <script>\n    googletag.cmd.push(function() { googletag.display('div-gpt-ad-oraculochinoorg300x250_1'); });\n  <\/script>\n<\/div>\n<\/div>\n","protected":false},"excerpt":{"rendered":"<p>El I Ching es un or\u00e1culo que no responde a preguntas cerradas, tal como se explica en Las Instrucciones para su consulta. Sin embargo, si te asalta una inquietud donde quieres que \u00abEl Universo\u00bb te responda de manera contundentemente cerrada, es decir con un S\u00ed o con un No, te podemos apoyar. S\u00f3lo debes seguir &#8230; <a title=\"S\u00ed o No\" class=\"read-more\" href=\"https:\/\/www.oraculochino.org\/iching\/si-o-no\/\">Read more<\/a><\/p>\n","protected":false},"author":1,"featured_media":0,"parent":0,"menu_order":3,"comment_status":"closed","ping_status":"closed","template":"","meta":{"_glsr_average":0,"_glsr_ranking":0,"_glsr_reviews":0,"footnotes":""},"class_list":["post-186","page","type-page","status-publish"],"yoast_head":"<!-- This site is optimized with the Yoast SEO plugin v25.6 - https:\/\/yoast.com\/wordpress\/plugins\/seo\/ -->\n<title>I Ching - Or\u00e1culo S\u00ed o No<\/title>\n<meta name=\"description\" content=\"Adem\u00e1s de consultar el I Ching, en oraculochino.org tienes la posibilidad de consultar el Or\u00e1culo del S\u00ed o No, cuando quieres que el Universo decida por ti.\" \/>\n<meta name=\"robots\" content=\"index, follow, max-snippet:-1, max-image-preview:large, max-video-preview:-1\" \/>\n<link rel=\"canonical\" href=\"https:\/\/www.oraculochino.org\/iching\/si-o-no\/\" \/>\n<meta property=\"og:locale\" content=\"es_ES\" \/>\n<meta property=\"og:type\" content=\"article\" \/>\n<meta property=\"og:title\" content=\"I Ching - Or\u00e1culo S\u00ed o No\" \/>\n<meta property=\"og:description\" content=\"Adem\u00e1s de consultar el I Ching, en oraculochino.org tienes la posibilidad de consultar el Or\u00e1culo del S\u00ed o No, cuando quieres que el Universo decida por ti.\" \/>\n<meta property=\"og:url\" content=\"https:\/\/www.oraculochino.org\/iching\/si-o-no\/\" \/>\n<meta property=\"og:site_name\" content=\"I Ching\" \/>\n<meta property=\"article:publisher\" content=\"https:\/\/www.facebook.com\/iching.oraculochino\/\" \/>\n<meta property=\"article:modified_time\" content=\"2023-05-30T21:15:25+00:00\" \/>\n<meta name=\"twitter:card\" content=\"summary_large_image\" \/>\n<meta name=\"twitter:site\" content=\"@oraculochino\" \/>\n<meta name=\"twitter:label1\" content=\"Tiempo de lectura\" \/>\n\t<meta name=\"twitter:data1\" content=\"1 minuto\" \/>\n<script type=\"application\/ld+json\" class=\"yoast-schema-graph\">{\"@context\":\"https:\/\/schema.org\",\"@graph\":[{\"@type\":\"WebPage\",\"@id\":\"https:\/\/www.oraculochino.org\/iching\/si-o-no\/\",\"url\":\"https:\/\/www.oraculochino.org\/iching\/si-o-no\/\",\"name\":\"I Ching - Or\u00e1culo S\u00ed o No\",\"isPartOf\":{\"@id\":\"https:\/\/www.oraculochino.org\/iching\/#website\"},\"datePublished\":\"2019-11-05T04:26:11+00:00\",\"dateModified\":\"2023-05-30T21:15:25+00:00\",\"description\":\"Adem\u00e1s de consultar el I Ching, en oraculochino.org tienes la posibilidad de consultar el Or\u00e1culo del S\u00ed o No, cuando quieres que el Universo decida por ti.\",\"breadcrumb\":{\"@id\":\"https:\/\/www.oraculochino.org\/iching\/si-o-no\/#breadcrumb\"},\"inLanguage\":\"es\",\"potentialAction\":[{\"@type\":\"ReadAction\",\"target\":[\"https:\/\/www.oraculochino.org\/iching\/si-o-no\/\"]}]},{\"@type\":\"BreadcrumbList\",\"@id\":\"https:\/\/www.oraculochino.org\/iching\/si-o-no\/#breadcrumb\",\"itemListElement\":[{\"@type\":\"ListItem\",\"position\":1,\"name\":\"Portada\",\"item\":\"https:\/\/www.oraculochino.org\/iching\/\"},{\"@type\":\"ListItem\",\"position\":2,\"name\":\"S\u00ed o No\"}]},{\"@type\":\"WebSite\",\"@id\":\"https:\/\/www.oraculochino.org\/iching\/#website\",\"url\":\"https:\/\/www.oraculochino.org\/iching\/\",\"name\":\"I Ching\",\"description\":\"El Or\u00e1culo Chino de los Cambios\",\"publisher\":{\"@id\":\"https:\/\/www.oraculochino.org\/iching\/#organization\"},\"potentialAction\":[{\"@type\":\"SearchAction\",\"target\":{\"@type\":\"EntryPoint\",\"urlTemplate\":\"https:\/\/www.oraculochino.org\/iching\/?s={search_term_string}\"},\"query-input\":{\"@type\":\"PropertyValueSpecification\",\"valueRequired\":true,\"valueName\":\"search_term_string\"}}],\"inLanguage\":\"es\"},{\"@type\":\"Organization\",\"@id\":\"https:\/\/www.oraculochino.org\/iching\/#organization\",\"name\":\"Or\u00e1culo Chino\",\"alternateName\":\"i ching\",\"url\":\"https:\/\/www.oraculochino.org\/iching\/\",\"logo\":{\"@type\":\"ImageObject\",\"inLanguage\":\"es\",\"@id\":\"https:\/\/www.oraculochino.org\/iching\/#\/schema\/logo\/image\/\",\"url\":\"https:\/\/www.oraculochino.org\/iching\/wp-content\/uploads\/2023\/02\/I-Ching-cuero-e1676658649719.jpg\",\"contentUrl\":\"https:\/\/www.oraculochino.org\/iching\/wp-content\/uploads\/2023\/02\/I-Ching-cuero-e1676658649719.jpg\",\"width\":375,\"height\":375,\"caption\":\"Or\u00e1culo Chino\"},\"image\":{\"@id\":\"https:\/\/www.oraculochino.org\/iching\/#\/schema\/logo\/image\/\"},\"sameAs\":[\"https:\/\/www.facebook.com\/iching.oraculochino\/\",\"https:\/\/x.com\/oraculochino\",\"https:\/\/tiktok.com\/@OraculoChino\",\"https:\/\/www.instagram.com\/oraculochino\/\"]}]}<\/script>\n<!-- \/ Yoast SEO plugin. -->","yoast_head_json":{"title":"I Ching - Or\u00e1culo S\u00ed o No","description":"Adem\u00e1s de consultar el I Ching, en oraculochino.org tienes la posibilidad de consultar el Or\u00e1culo del S\u00ed o No, cuando quieres que el Universo decida por ti.","robots":{"index":"index","follow":"follow","max-snippet":"max-snippet:-1","max-image-preview":"max-image-preview:large","max-video-preview":"max-video-preview:-1"},"canonical":"https:\/\/www.oraculochino.org\/iching\/si-o-no\/","og_locale":"es_ES","og_type":"article","og_title":"I Ching - Or\u00e1culo S\u00ed o No","og_description":"Adem\u00e1s de consultar el I Ching, en oraculochino.org tienes la posibilidad de consultar el Or\u00e1culo del S\u00ed o No, cuando quieres que el Universo decida por ti.","og_url":"https:\/\/www.oraculochino.org\/iching\/si-o-no\/","og_site_name":"I Ching","article_publisher":"https:\/\/www.facebook.com\/iching.oraculochino\/","article_modified_time":"2023-05-30T21:15:25+00:00","twitter_card":"summary_large_image","twitter_site":"@oraculochino","twitter_misc":{"Tiempo de lectura":"1 minuto"},"schema":{"@context":"https:\/\/schema.org","@graph":[{"@type":"WebPage","@id":"https:\/\/www.oraculochino.org\/iching\/si-o-no\/","url":"https:\/\/www.oraculochino.org\/iching\/si-o-no\/","name":"I Ching - Or\u00e1culo S\u00ed o No","isPartOf":{"@id":"https:\/\/www.oraculochino.org\/iching\/#website"},"datePublished":"2019-11-05T04:26:11+00:00","dateModified":"2023-05-30T21:15:25+00:00","description":"Adem\u00e1s de consultar el I Ching, en oraculochino.org tienes la posibilidad de consultar el Or\u00e1culo del S\u00ed o No, cuando quieres que el Universo decida por ti.","breadcrumb":{"@id":"https:\/\/www.oraculochino.org\/iching\/si-o-no\/#breadcrumb"},"inLanguage":"es","potentialAction":[{"@type":"ReadAction","target":["https:\/\/www.oraculochino.org\/iching\/si-o-no\/"]}]},{"@type":"BreadcrumbList","@id":"https:\/\/www.oraculochino.org\/iching\/si-o-no\/#breadcrumb","itemListElement":[{"@type":"ListItem","position":1,"name":"Portada","item":"https:\/\/www.oraculochino.org\/iching\/"},{"@type":"ListItem","position":2,"name":"S\u00ed o No"}]},{"@type":"WebSite","@id":"https:\/\/www.oraculochino.org\/iching\/#website","url":"https:\/\/www.oraculochino.org\/iching\/","name":"I Ching","description":"El Or\u00e1culo Chino de los Cambios","publisher":{"@id":"https:\/\/www.oraculochino.org\/iching\/#organization"},"potentialAction":[{"@type":"SearchAction","target":{"@type":"EntryPoint","urlTemplate":"https:\/\/www.oraculochino.org\/iching\/?s={search_term_string}"},"query-input":{"@type":"PropertyValueSpecification","valueRequired":true,"valueName":"search_term_string"}}],"inLanguage":"es"},{"@type":"Organization","@id":"https:\/\/www.oraculochino.org\/iching\/#organization","name":"Or\u00e1culo Chino","alternateName":"i ching","url":"https:\/\/www.oraculochino.org\/iching\/","logo":{"@type":"ImageObject","inLanguage":"es","@id":"https:\/\/www.oraculochino.org\/iching\/#\/schema\/logo\/image\/","url":"https:\/\/www.oraculochino.org\/iching\/wp-content\/uploads\/2023\/02\/I-Ching-cuero-e1676658649719.jpg","contentUrl":"https:\/\/www.oraculochino.org\/iching\/wp-content\/uploads\/2023\/02\/I-Ching-cuero-e1676658649719.jpg","width":375,"height":375,"caption":"Or\u00e1culo Chino"},"image":{"@id":"https:\/\/www.oraculochino.org\/iching\/#\/schema\/logo\/image\/"},"sameAs":["https:\/\/www.facebook.com\/iching.oraculochino\/","https:\/\/x.com\/oraculochino","https:\/\/tiktok.com\/@OraculoChino","https:\/\/www.instagram.com\/oraculochino\/"]}]}},"_links":{"self":[{"href":"https:\/\/www.oraculochino.org\/iching\/wp-json\/wp\/v2\/pages\/186"}],"collection":[{"href":"https:\/\/www.oraculochino.org\/iching\/wp-json\/wp\/v2\/pages"}],"about":[{"href":"https:\/\/www.oraculochino.org\/iching\/wp-json\/wp\/v2\/types\/page"}],"author":[{"embeddable":true,"href":"https:\/\/www.oraculochino.org\/iching\/wp-json\/wp\/v2\/users\/1"}],"replies":[{"embeddable":true,"href":"https:\/\/www.oraculochino.org\/iching\/wp-json\/wp\/v2\/comments?post=186"}],"version-history":[{"count":0,"href":"https:\/\/www.oraculochino.org\/iching\/wp-json\/wp\/v2\/pages\/186\/revisions"}],"wp:attachment":[{"href":"https:\/\/www.oraculochino.org\/iching\/wp-json\/wp\/v2\/media?parent=186"}],"curies":[{"name":"wp","href":"https:\/\/api.w.org\/{rel}","templated":true}]}}