{"id":17,"date":"2019-10-29T18:02:00","date_gmt":"2019-10-29T23:02:00","guid":{"rendered":"https:\/\/www.oraculochino.org\/iching\/?page_id=17"},"modified":"2023-08-02T07:36:38","modified_gmt":"2023-08-02T12:36:38","slug":"consulta-el-i-ching-gratis","status":"publish","type":"page","link":"https:\/\/www.oraculochino.org\/iching\/","title":{"rendered":"Consulta el I Ching"},"content":{"rendered":"\n","protected":false},"excerpt":{"rendered":"","protected":false},"author":1,"featured_media":0,"parent":0,"menu_order":0,"comment_status":"closed","ping_status":"closed","template":"","meta":{"_glsr_average":0,"_glsr_ranking":0,"_glsr_reviews":0,"footnotes":""},"class_list":["post-17","page","type-page","status-publish"],"yoast_head":"<!-- This site is optimized with the Yoast SEO plugin v25.6 - https:\/\/yoast.com\/wordpress\/plugins\/seo\/ -->\n<title>Preg\u00fantale al I Ching - El Or\u00e1culo Chino de los Cambios<\/title>\n<meta name=\"description\" content=\"Consulta gratis al I Ching en l\u00ednea y obt\u00e9n respuestas f\u00e1ciles de entender, interpretadas con Inteligencia Artificial (IA)\" \/>\n<meta name=\"robots\" content=\"index, follow, max-snippet:-1, max-image-preview:large, max-video-preview:-1\" \/>\n<link rel=\"canonical\" href=\"https:\/\/www.oraculochino.org\/iching\/\" \/>\n<meta property=\"og:locale\" content=\"es_ES\" \/>\n<meta property=\"og:type\" content=\"article\" \/>\n<meta property=\"og:title\" content=\"Preg\u00fantale al I Ching\" \/>\n<meta property=\"og:description\" content=\"Obtenga lecturas gratuitas de I Ching en l\u00ednea e interpretaciones f\u00e1ciles de entender generadas con Inteligencia Artificial en varios idiomas.\" \/>\n<meta property=\"og:url\" content=\"https:\/\/www.oraculochino.org\/iching\/\" \/>\n<meta property=\"og:site_name\" content=\"I Ching\" \/>\n<meta property=\"article:publisher\" content=\"https:\/\/www.facebook.com\/iching.oraculochino\/\" \/>\n<meta property=\"article:modified_time\" content=\"2023-08-02T12:36:38+00:00\" \/>\n<meta property=\"og:image\" content=\"https:\/\/www.oraculochino.org\/iching\/wp-content\/uploads\/2019\/10\/iching_candles.jpg\" \/>\n\t<meta property=\"og:image:width\" content=\"700\" \/>\n\t<meta property=\"og:image:height\" content=\"468\" \/>\n\t<meta property=\"og:image:type\" content=\"image\/jpeg\" \/>\n<meta name=\"twitter:card\" content=\"summary_large_image\" \/>\n<meta name=\"twitter:title\" content=\"Preg\u00fantale al I Ching\" \/>\n<meta name=\"twitter:description\" content=\"Obtenga lecturas gratuitas de I Ching en l\u00ednea e interpretaciones f\u00e1ciles de entender generadas con Inteligencia Artificial en varios idiomas.\" \/>\n<meta name=\"twitter:image\" content=\"https:\/\/www.oraculochino.org\/iching\/wp-content\/uploads\/2019\/10\/iching_candles.jpg\" \/>\n<meta name=\"twitter:site\" content=\"@oraculochino\" \/>\n<meta name=\"twitter:label1\" content=\"Tiempo de lectura\" \/>\n\t<meta name=\"twitter:data1\" content=\"1 minuto\" \/>\n<script type=\"application\/ld+json\" class=\"yoast-schema-graph\">{\"@context\":\"https:\/\/schema.org\",\"@graph\":[{\"@type\":\"WebPage\",\"@id\":\"https:\/\/www.oraculochino.org\/iching\/\",\"url\":\"https:\/\/www.oraculochino.org\/iching\/\",\"name\":\"Preg\u00fantale al I Ching - El Or\u00e1culo Chino de los Cambios\",\"isPartOf\":{\"@id\":\"https:\/\/www.oraculochino.org\/iching\/#website\"},\"datePublished\":\"2019-10-29T23:02:00+00:00\",\"dateModified\":\"2023-08-02T12:36:38+00:00\",\"description\":\"Consulta gratis al I Ching en l\u00ednea y obt\u00e9n respuestas f\u00e1ciles de entender, interpretadas con Inteligencia Artificial (IA)\",\"breadcrumb\":{\"@id\":\"https:\/\/www.oraculochino.org\/iching\/#breadcrumb\"},\"inLanguage\":\"es\",\"potentialAction\":[{\"@type\":\"ReadAction\",\"target\":[\"https:\/\/www.oraculochino.org\/iching\/\"]}]},{\"@type\":\"BreadcrumbList\",\"@id\":\"https:\/\/www.oraculochino.org\/iching\/#breadcrumb\",\"itemListElement\":[{\"@type\":\"ListItem\",\"position\":1,\"name\":\"Portada\",\"item\":\"https:\/\/www.oraculochino.org\/iching\/\"},{\"@type\":\"ListItem\",\"position\":2,\"name\":\"Consulta el I Ching\"}]},{\"@type\":\"WebSite\",\"@id\":\"https:\/\/www.oraculochino.org\/iching\/#website\",\"url\":\"https:\/\/www.oraculochino.org\/iching\/\",\"name\":\"I Ching\",\"description\":\"El Or\u00e1culo Chino de los Cambios\",\"publisher\":{\"@id\":\"https:\/\/www.oraculochino.org\/iching\/#organization\"},\"potentialAction\":[{\"@type\":\"SearchAction\",\"target\":{\"@type\":\"EntryPoint\",\"urlTemplate\":\"https:\/\/www.oraculochino.org\/iching\/?s={search_term_string}\"},\"query-input\":{\"@type\":\"PropertyValueSpecification\",\"valueRequired\":true,\"valueName\":\"search_term_string\"}}],\"inLanguage\":\"es\"},{\"@type\":\"Organization\",\"@id\":\"https:\/\/www.oraculochino.org\/iching\/#organization\",\"name\":\"Or\u00e1culo Chino\",\"alternateName\":\"i ching\",\"url\":\"https:\/\/www.oraculochino.org\/iching\/\",\"logo\":{\"@type\":\"ImageObject\",\"inLanguage\":\"es\",\"@id\":\"https:\/\/www.oraculochino.org\/iching\/#\/schema\/logo\/image\/\",\"url\":\"https:\/\/www.oraculochino.org\/iching\/wp-content\/uploads\/2023\/02\/I-Ching-cuero-e1676658649719.jpg\",\"contentUrl\":\"https:\/\/www.oraculochino.org\/iching\/wp-content\/uploads\/2023\/02\/I-Ching-cuero-e1676658649719.jpg\",\"width\":375,\"height\":375,\"caption\":\"Or\u00e1culo Chino\"},\"image\":{\"@id\":\"https:\/\/www.oraculochino.org\/iching\/#\/schema\/logo\/image\/\"},\"sameAs\":[\"https:\/\/www.facebook.com\/iching.oraculochino\/\",\"https:\/\/x.com\/oraculochino\",\"https:\/\/tiktok.com\/@OraculoChino\",\"https:\/\/www.instagram.com\/oraculochino\/\"]}]}<\/script>\n<!-- \/ Yoast SEO plugin. -->","yoast_head_json":{"title":"Preg\u00fantale al I Ching - El Or\u00e1culo Chino de los Cambios","description":"Consulta gratis al I Ching en l\u00ednea y obt\u00e9n respuestas f\u00e1ciles de entender, interpretadas con Inteligencia Artificial (IA)","robots":{"index":"index","follow":"follow","max-snippet":"max-snippet:-1","max-image-preview":"max-image-preview:large","max-video-preview":"max-video-preview:-1"},"canonical":"https:\/\/www.oraculochino.org\/iching\/","og_locale":"es_ES","og_type":"article","og_title":"Preg\u00fantale al I Ching","og_description":"Obtenga lecturas gratuitas de I Ching en l\u00ednea e interpretaciones f\u00e1ciles de entender generadas con Inteligencia Artificial en varios idiomas.","og_url":"https:\/\/www.oraculochino.org\/iching\/","og_site_name":"I Ching","article_publisher":"https:\/\/www.facebook.com\/iching.oraculochino\/","article_modified_time":"2023-08-02T12:36:38+00:00","og_image":[{"width":700,"height":468,"url":"https:\/\/www.oraculochino.org\/iching\/wp-content\/uploads\/2019\/10\/iching_candles.jpg","type":"image\/jpeg"}],"twitter_card":"summary_large_image","twitter_title":"Preg\u00fantale al I Ching","twitter_description":"Obtenga lecturas gratuitas de I Ching en l\u00ednea e interpretaciones f\u00e1ciles de entender generadas con Inteligencia Artificial en varios idiomas.","twitter_image":"https:\/\/www.oraculochino.org\/iching\/wp-content\/uploads\/2019\/10\/iching_candles.jpg","twitter_site":"@oraculochino","twitter_misc":{"Tiempo de lectura":"1 minuto"},"schema":{"@context":"https:\/\/schema.org","@graph":[{"@type":"WebPage","@id":"https:\/\/www.oraculochino.org\/iching\/","url":"https:\/\/www.oraculochino.org\/iching\/","name":"Preg\u00fantale al I Ching - El Or\u00e1culo Chino de los Cambios","isPartOf":{"@id":"https:\/\/www.oraculochino.org\/iching\/#website"},"datePublished":"2019-10-29T23:02:00+00:00","dateModified":"2023-08-02T12:36:38+00:00","description":"Consulta gratis al I Ching en l\u00ednea y obt\u00e9n respuestas f\u00e1ciles de entender, interpretadas con Inteligencia Artificial (IA)","breadcrumb":{"@id":"https:\/\/www.oraculochino.org\/iching\/#breadcrumb"},"inLanguage":"es","potentialAction":[{"@type":"ReadAction","target":["https:\/\/www.oraculochino.org\/iching\/"]}]},{"@type":"BreadcrumbList","@id":"https:\/\/www.oraculochino.org\/iching\/#breadcrumb","itemListElement":[{"@type":"ListItem","position":1,"name":"Portada","item":"https:\/\/www.oraculochino.org\/iching\/"},{"@type":"ListItem","position":2,"name":"Consulta el I Ching"}]},{"@type":"WebSite","@id":"https:\/\/www.oraculochino.org\/iching\/#website","url":"https:\/\/www.oraculochino.org\/iching\/","name":"I Ching","description":"El Or\u00e1culo Chino de los Cambios","publisher":{"@id":"https:\/\/www.oraculochino.org\/iching\/#organization"},"potentialAction":[{"@type":"SearchAction","target":{"@type":"EntryPoint","urlTemplate":"https:\/\/www.oraculochino.org\/iching\/?s={search_term_string}"},"query-input":{"@type":"PropertyValueSpecification","valueRequired":true,"valueName":"search_term_string"}}],"inLanguage":"es"},{"@type":"Organization","@id":"https:\/\/www.oraculochino.org\/iching\/#organization","name":"Or\u00e1culo Chino","alternateName":"i ching","url":"https:\/\/www.oraculochino.org\/iching\/","logo":{"@type":"ImageObject","inLanguage":"es","@id":"https:\/\/www.oraculochino.org\/iching\/#\/schema\/logo\/image\/","url":"https:\/\/www.oraculochino.org\/iching\/wp-content\/uploads\/2023\/02\/I-Ching-cuero-e1676658649719.jpg","contentUrl":"https:\/\/www.oraculochino.org\/iching\/wp-content\/uploads\/2023\/02\/I-Ching-cuero-e1676658649719.jpg","width":375,"height":375,"caption":"Or\u00e1culo Chino"},"image":{"@id":"https:\/\/www.oraculochino.org\/iching\/#\/schema\/logo\/image\/"},"sameAs":["https:\/\/www.facebook.com\/iching.oraculochino\/","https:\/\/x.com\/oraculochino","https:\/\/tiktok.com\/@OraculoChino","https:\/\/www.instagram.com\/oraculochino\/"]}]}},"_links":{"self":[{"href":"https:\/\/www.oraculochino.org\/iching\/wp-json\/wp\/v2\/pages\/17"}],"collection":[{"href":"https:\/\/www.oraculochino.org\/iching\/wp-json\/wp\/v2\/pages"}],"about":[{"href":"https:\/\/www.oraculochino.org\/iching\/wp-json\/wp\/v2\/types\/page"}],"author":[{"embeddable":true,"href":"https:\/\/www.oraculochino.org\/iching\/wp-json\/wp\/v2\/users\/1"}],"replies":[{"embeddable":true,"href":"https:\/\/www.oraculochino.org\/iching\/wp-json\/wp\/v2\/comments?post=17"}],"version-history":[{"count":0,"href":"https:\/\/www.oraculochino.org\/iching\/wp-json\/wp\/v2\/pages\/17\/revisions"}],"wp:attachment":[{"href":"https:\/\/www.oraculochino.org\/iching\/wp-json\/wp\/v2\/media?parent=17"}],"curies":[{"name":"wp","href":"https:\/\/api.w.org\/{rel}","templated":true}]}}