{"id":166,"date":"2019-11-04T13:30:05","date_gmt":"2019-11-04T18:30:05","guid":{"rendered":"https:\/\/www.oraculochino.org\/iching\/?page_id=166"},"modified":"2023-03-06T13:30:41","modified_gmt":"2023-03-06T18:30:41","slug":"contacto","status":"publish","type":"page","link":"https:\/\/www.oraculochino.org\/iching\/contacto\/","title":{"rendered":"Contacto"},"content":{"rendered":"<link rel='stylesheet' id='formidable-css' href='https:\/\/www.oraculochino.org\/iching\/wp-content\/plugins\/formidable\/css\/formidableforms.css?ver=312701' media='all' \/>\n<div class=\"frm_forms  with_frm_style frm_style_estilos-formidable\" id=\"frm_form_2_container\" data-token=\"1d11eff9434b517e153912c89158aaa1\">\n<form enctype=\"multipart\/form-data\" method=\"post\" class=\"frm-show-form  frm_js_validate \" id=\"form_contactus\" data-token=\"1d11eff9434b517e153912c89158aaa1\">\n<div class=\"frm_form_fields \">\n<fieldset>\n<legend class=\"frm_screen_reader\">Contact Us<\/legend>\r\n\r\n<div class=\"frm_description\"><p>Escr\u00edbenos por favor. Nos encantar\u00e1 recibir tus comentarios o sugerencias para mejorar este sitio.<\/p>\n<\/div><div class=\"frm_fields_container\">\n<input type=\"hidden\" name=\"frm_action\" value=\"create\" \/>\n<input type=\"hidden\" name=\"form_id\" value=\"2\" \/>\n<input type=\"hidden\" name=\"frm_hide_fields_2\" id=\"frm_hide_fields_2\" value=\"\" \/>\n<input type=\"hidden\" name=\"form_key\" value=\"contactus\" \/>\n<input type=\"hidden\" name=\"item_meta[0]\" value=\"\" \/>\n<input type=\"hidden\" id=\"frm_submit_entry_2\" name=\"frm_submit_entry_2\" value=\"cc5e9cfc35\" \/><input type=\"hidden\" name=\"_wp_http_referer\" value=\"\/iching\/wp-json\/wp\/v2\/pages\/166\" \/><div id=\"frm_field_9_container\" class=\"frm_form_field form-field  frm_required_field frm_top_container\">\r\n    <div  id=\"field_qio21_label\" class=\"frm_primary_label\">Nombre\r\n        <span class=\"frm_required\" aria-hidden=\"true\">*<\/span>\r\n    <\/div>\r\n    <fieldset aria-labelledby=\"field_qio21_label\">\n\t<legend class=\"frm_screen_reader frm_hidden\">\n\t\tNombre\t<\/legend>\n\n\t<div  class=\"frm_combo_inputs_container\" id=\"frm_combo_inputs_container_9\" data-name-layout=\"first_last\">\n\t\t\t\t\t<div\n\t\t\t\tid=\"frm_field_9-first_container\"\n\t\t\t\tclass=\"frm_form_field form-field frm_form_subfield-first  frm6\"\n\t\t\t\tdata-sub-field-name=\"first\"\n\t\t\t>\n\t\t\t\t<label for=\"field_qio21_first\" class=\"frm_screen_reader frm_hidden\">\n\t\t\t\t\tNombre\t\t\t\t<\/label>\n\n\t\t\t\t<input  type=\"text\" id=\"field_qio21_first\" value=\"\" name=\"item_meta[9][first]\" autocomplete=\"given-name\" data-reqmsg=\"Este campo no puede estar en blanco.\" aria-required=\"true\" data-invmsg=\"Nombre no es v\u00e1lido\" aria-invalid=\"false\"  \/><div class=\"frm_description\" id=\"frm_field_9_first_desc\">Nombre<\/div>\t\t\t<\/div>\n\t\t\t\t\t\t<div\n\t\t\t\tid=\"frm_field_9-last_container\"\n\t\t\t\tclass=\"frm_form_field form-field frm_form_subfield-last  frm6\"\n\t\t\t\tdata-sub-field-name=\"last\"\n\t\t\t>\n\t\t\t\t<label for=\"field_qio21_last\" class=\"frm_screen_reader frm_hidden\">\n\t\t\t\t\tApellidos\t\t\t\t<\/label>\n\n\t\t\t\t<input  type=\"text\" id=\"field_qio21_last\" value=\"\" name=\"item_meta[9][last]\" autocomplete=\"family-name\" data-reqmsg=\"Este campo no puede estar en blanco.\" aria-required=\"true\" data-invmsg=\"Nombre no es v\u00e1lido\" aria-invalid=\"false\"  \/><div class=\"frm_description\" id=\"frm_field_9_last_desc\">Apellidos<\/div>\t\t\t<\/div>\n\t\t\t\t<\/div>\n<\/fieldset>\n\r\n    \r\n    \r\n<\/div>\n<div id=\"frm_field_8_container\" class=\"frm_form_field form-field  frm_required_field frm_top_container\">\r\n    <label for=\"field_4314a\" id=\"field_4314a_label\" class=\"frm_primary_label\">Correo electr\u00f3nico\r\n        <span class=\"frm_required\" aria-hidden=\"true\">*<\/span>\r\n    <\/label>\r\n    <input type=\"email\" id=\"field_4314a\" name=\"item_meta[8]\" value=\"\"  data-reqmsg=\"Este campo no puede estar en blanco.\" aria-required=\"true\" data-invmsg=\"Correo electr\u00f3nico no es v\u00e1lido\" aria-invalid=\"false\"  \/>\r\n    \r\n    \r\n<\/div>\n<div id=\"frm_field_7_container\" class=\"frm_form_field form-field  frm_required_field frm_top_container\">\r\n    <label for=\"field_x8ayo\" id=\"field_x8ayo_label\" class=\"frm_primary_label\">Comentario o Mensaje\r\n        <span class=\"frm_required\" aria-hidden=\"true\">*<\/span>\r\n    <\/label>\r\n    <textarea name=\"item_meta[7]\" id=\"field_x8ayo\" rows=\"5\"  data-reqmsg=\"Este campo no puede estar en blanco.\" aria-required=\"true\" data-invmsg=\"Comentario o Mensaje no es v\u00e1lido\" aria-invalid=\"false\"  ><\/textarea>\r\n    \r\n    \r\n<\/div>\n\t<input type=\"hidden\" name=\"item_key\" value=\"\" \/>\n\t\t\t<div id=\"frm_field_10_container\">\n\t\t\t<label for=\"field_sv90m\" >\n\t\t\t\tSi eres humano, deja este campo en blanco.\t\t\t<\/label>\n\t\t\t<input  id=\"field_sv90m\" type=\"text\" class=\"frm_form_field form-field frm_verify\" name=\"item_meta[10]\" value=\"\"  \/>\n\t\t<\/div>\n\t\t<input name=\"frm_state\" type=\"hidden\" value=\"9KtHyMHDSXAtlNRS914XNUEttnk2aIDuESmMJzpwLF0=\" \/><div class=\"frm_submit\">\r\n\r\n<button class=\"frm_button_submit\" type=\"submit\"  >Enviar<\/button>\r\n\r\n\r\n<\/div><\/div>\n<\/fieldset>\n<\/div>\n\n<\/form>\n<\/div>\n\n","protected":false},"excerpt":{"rendered":"","protected":false},"author":1,"featured_media":0,"parent":0,"menu_order":0,"comment_status":"closed","ping_status":"closed","template":"","meta":{"_glsr_average":0,"_glsr_ranking":0,"_glsr_reviews":0,"footnotes":""},"class_list":["post-166","page","type-page","status-publish"],"yoast_head":"<!-- This site is optimized with the Yoast SEO plugin v25.6 - https:\/\/yoast.com\/wordpress\/plugins\/seo\/ -->\n<title>I Ching - Contacto<\/title>\n<meta name=\"description\" content=\"Obt\u00e9n respuestas sabias y precisas con nuestro Or\u00e1culo Chino I Ching en l\u00ednea. Utilizamos Inteligencia Artificial para brindarte interpretaciones personalizadas y f\u00e1ciles de entender.\" \/>\n<meta name=\"robots\" content=\"index, follow, max-snippet:-1, max-image-preview:large, max-video-preview:-1\" \/>\n<link rel=\"canonical\" href=\"https:\/\/www.oraculochino.org\/iching\/contacto\/\" \/>\n<meta property=\"og:locale\" content=\"es_ES\" \/>\n<meta property=\"og:type\" content=\"article\" \/>\n<meta property=\"og:title\" content=\"I Ching - Contacto\" \/>\n<meta property=\"og:description\" content=\"Obt\u00e9n respuestas sabias y precisas con nuestro Or\u00e1culo Chino I Ching en l\u00ednea. Utilizamos Inteligencia Artificial para brindarte interpretaciones personalizadas y f\u00e1ciles de entender.\" \/>\n<meta property=\"og:url\" content=\"https:\/\/www.oraculochino.org\/iching\/contacto\/\" \/>\n<meta property=\"og:site_name\" content=\"I Ching\" \/>\n<meta property=\"article:publisher\" content=\"https:\/\/www.facebook.com\/iching.oraculochino\/\" \/>\n<meta property=\"article:modified_time\" content=\"2023-03-06T18:30:41+00:00\" \/>\n<meta name=\"twitter:card\" content=\"summary_large_image\" \/>\n<meta name=\"twitter:site\" content=\"@oraculochino\" \/>\n<meta name=\"twitter:label1\" content=\"Tiempo de lectura\" \/>\n\t<meta name=\"twitter:data1\" content=\"1 minuto\" \/>\n<script type=\"application\/ld+json\" class=\"yoast-schema-graph\">{\"@context\":\"https:\/\/schema.org\",\"@graph\":[{\"@type\":\"WebPage\",\"@id\":\"https:\/\/www.oraculochino.org\/iching\/contacto\/\",\"url\":\"https:\/\/www.oraculochino.org\/iching\/contacto\/\",\"name\":\"I Ching - Contacto\",\"isPartOf\":{\"@id\":\"https:\/\/www.oraculochino.org\/iching\/#website\"},\"datePublished\":\"2019-11-04T18:30:05+00:00\",\"dateModified\":\"2023-03-06T18:30:41+00:00\",\"description\":\"Obt\u00e9n respuestas sabias y precisas con nuestro Or\u00e1culo Chino I Ching en l\u00ednea. Utilizamos Inteligencia Artificial para brindarte interpretaciones personalizadas y f\u00e1ciles de entender.\",\"breadcrumb\":{\"@id\":\"https:\/\/www.oraculochino.org\/iching\/contacto\/#breadcrumb\"},\"inLanguage\":\"es\",\"potentialAction\":[{\"@type\":\"ReadAction\",\"target\":[\"https:\/\/www.oraculochino.org\/iching\/contacto\/\"]}]},{\"@type\":\"BreadcrumbList\",\"@id\":\"https:\/\/www.oraculochino.org\/iching\/contacto\/#breadcrumb\",\"itemListElement\":[{\"@type\":\"ListItem\",\"position\":1,\"name\":\"Portada\",\"item\":\"https:\/\/www.oraculochino.org\/iching\/\"},{\"@type\":\"ListItem\",\"position\":2,\"name\":\"Contacto\"}]},{\"@type\":\"WebSite\",\"@id\":\"https:\/\/www.oraculochino.org\/iching\/#website\",\"url\":\"https:\/\/www.oraculochino.org\/iching\/\",\"name\":\"I Ching\",\"description\":\"El Or\u00e1culo Chino de los Cambios\",\"publisher\":{\"@id\":\"https:\/\/www.oraculochino.org\/iching\/#organization\"},\"potentialAction\":[{\"@type\":\"SearchAction\",\"target\":{\"@type\":\"EntryPoint\",\"urlTemplate\":\"https:\/\/www.oraculochino.org\/iching\/?s={search_term_string}\"},\"query-input\":{\"@type\":\"PropertyValueSpecification\",\"valueRequired\":true,\"valueName\":\"search_term_string\"}}],\"inLanguage\":\"es\"},{\"@type\":\"Organization\",\"@id\":\"https:\/\/www.oraculochino.org\/iching\/#organization\",\"name\":\"Or\u00e1culo Chino\",\"alternateName\":\"i ching\",\"url\":\"https:\/\/www.oraculochino.org\/iching\/\",\"logo\":{\"@type\":\"ImageObject\",\"inLanguage\":\"es\",\"@id\":\"https:\/\/www.oraculochino.org\/iching\/#\/schema\/logo\/image\/\",\"url\":\"https:\/\/www.oraculochino.org\/iching\/wp-content\/uploads\/2023\/02\/I-Ching-cuero-e1676658649719.jpg\",\"contentUrl\":\"https:\/\/www.oraculochino.org\/iching\/wp-content\/uploads\/2023\/02\/I-Ching-cuero-e1676658649719.jpg\",\"width\":375,\"height\":375,\"caption\":\"Or\u00e1culo Chino\"},\"image\":{\"@id\":\"https:\/\/www.oraculochino.org\/iching\/#\/schema\/logo\/image\/\"},\"sameAs\":[\"https:\/\/www.facebook.com\/iching.oraculochino\/\",\"https:\/\/x.com\/oraculochino\",\"https:\/\/tiktok.com\/@OraculoChino\",\"https:\/\/www.instagram.com\/oraculochino\/\"]}]}<\/script>\n<!-- \/ Yoast SEO plugin. -->","yoast_head_json":{"title":"I Ching - Contacto","description":"Obt\u00e9n respuestas sabias y precisas con nuestro Or\u00e1culo Chino I Ching en l\u00ednea. Utilizamos Inteligencia Artificial para brindarte interpretaciones personalizadas y f\u00e1ciles de entender.","robots":{"index":"index","follow":"follow","max-snippet":"max-snippet:-1","max-image-preview":"max-image-preview:large","max-video-preview":"max-video-preview:-1"},"canonical":"https:\/\/www.oraculochino.org\/iching\/contacto\/","og_locale":"es_ES","og_type":"article","og_title":"I Ching - Contacto","og_description":"Obt\u00e9n respuestas sabias y precisas con nuestro Or\u00e1culo Chino I Ching en l\u00ednea. Utilizamos Inteligencia Artificial para brindarte interpretaciones personalizadas y f\u00e1ciles de entender.","og_url":"https:\/\/www.oraculochino.org\/iching\/contacto\/","og_site_name":"I Ching","article_publisher":"https:\/\/www.facebook.com\/iching.oraculochino\/","article_modified_time":"2023-03-06T18:30:41+00:00","twitter_card":"summary_large_image","twitter_site":"@oraculochino","twitter_misc":{"Tiempo de lectura":"1 minuto"},"schema":{"@context":"https:\/\/schema.org","@graph":[{"@type":"WebPage","@id":"https:\/\/www.oraculochino.org\/iching\/contacto\/","url":"https:\/\/www.oraculochino.org\/iching\/contacto\/","name":"I Ching - Contacto","isPartOf":{"@id":"https:\/\/www.oraculochino.org\/iching\/#website"},"datePublished":"2019-11-04T18:30:05+00:00","dateModified":"2023-03-06T18:30:41+00:00","description":"Obt\u00e9n respuestas sabias y precisas con nuestro Or\u00e1culo Chino I Ching en l\u00ednea. Utilizamos Inteligencia Artificial para brindarte interpretaciones personalizadas y f\u00e1ciles de entender.","breadcrumb":{"@id":"https:\/\/www.oraculochino.org\/iching\/contacto\/#breadcrumb"},"inLanguage":"es","potentialAction":[{"@type":"ReadAction","target":["https:\/\/www.oraculochino.org\/iching\/contacto\/"]}]},{"@type":"BreadcrumbList","@id":"https:\/\/www.oraculochino.org\/iching\/contacto\/#breadcrumb","itemListElement":[{"@type":"ListItem","position":1,"name":"Portada","item":"https:\/\/www.oraculochino.org\/iching\/"},{"@type":"ListItem","position":2,"name":"Contacto"}]},{"@type":"WebSite","@id":"https:\/\/www.oraculochino.org\/iching\/#website","url":"https:\/\/www.oraculochino.org\/iching\/","name":"I Ching","description":"El Or\u00e1culo Chino de los Cambios","publisher":{"@id":"https:\/\/www.oraculochino.org\/iching\/#organization"},"potentialAction":[{"@type":"SearchAction","target":{"@type":"EntryPoint","urlTemplate":"https:\/\/www.oraculochino.org\/iching\/?s={search_term_string}"},"query-input":{"@type":"PropertyValueSpecification","valueRequired":true,"valueName":"search_term_string"}}],"inLanguage":"es"},{"@type":"Organization","@id":"https:\/\/www.oraculochino.org\/iching\/#organization","name":"Or\u00e1culo Chino","alternateName":"i ching","url":"https:\/\/www.oraculochino.org\/iching\/","logo":{"@type":"ImageObject","inLanguage":"es","@id":"https:\/\/www.oraculochino.org\/iching\/#\/schema\/logo\/image\/","url":"https:\/\/www.oraculochino.org\/iching\/wp-content\/uploads\/2023\/02\/I-Ching-cuero-e1676658649719.jpg","contentUrl":"https:\/\/www.oraculochino.org\/iching\/wp-content\/uploads\/2023\/02\/I-Ching-cuero-e1676658649719.jpg","width":375,"height":375,"caption":"Or\u00e1culo Chino"},"image":{"@id":"https:\/\/www.oraculochino.org\/iching\/#\/schema\/logo\/image\/"},"sameAs":["https:\/\/www.facebook.com\/iching.oraculochino\/","https:\/\/x.com\/oraculochino","https:\/\/tiktok.com\/@OraculoChino","https:\/\/www.instagram.com\/oraculochino\/"]}]}},"_links":{"self":[{"href":"https:\/\/www.oraculochino.org\/iching\/wp-json\/wp\/v2\/pages\/166"}],"collection":[{"href":"https:\/\/www.oraculochino.org\/iching\/wp-json\/wp\/v2\/pages"}],"about":[{"href":"https:\/\/www.oraculochino.org\/iching\/wp-json\/wp\/v2\/types\/page"}],"author":[{"embeddable":true,"href":"https:\/\/www.oraculochino.org\/iching\/wp-json\/wp\/v2\/users\/1"}],"replies":[{"embeddable":true,"href":"https:\/\/www.oraculochino.org\/iching\/wp-json\/wp\/v2\/comments?post=166"}],"version-history":[{"count":0,"href":"https:\/\/www.oraculochino.org\/iching\/wp-json\/wp\/v2\/pages\/166\/revisions"}],"wp:attachment":[{"href":"https:\/\/www.oraculochino.org\/iching\/wp-json\/wp\/v2\/media?parent=166"}],"curies":[{"name":"wp","href":"https:\/\/api.w.org\/{rel}","templated":true}]}}